{"id":677,"date":"2022-11-14T15:01:05","date_gmt":"2022-11-14T21:01:05","guid":{"rendered":"https:\/\/www.masflores.com.mx\/monterrey\/?post_type=product&#038;p=677"},"modified":"2026-05-13T13:44:23","modified_gmt":"2026-05-13T19:44:23","slug":"bouquet-aniversario-g01","status":"publish","type":"product","link":"https:\/\/www.masflores.com.mx\/monterrey\/index.php\/producto\/bouquet-aniversario-g01\/","title":{"rendered":"Bouquet Aniversario G01"},"content":{"rendered":"<p>Arreglo de globos con helio: 1 globo de 18 pulgadas tema &#8220;Aniversario&#8221; y 6 globos de latex de 9 pulgadas en dorado y plata; se sujetan a una pesa que consta de un globlo con agua forrado en papel de china de colores acordes al globo principal.<\/p>\n<p>Puede solicitar que se ensamble para dama o caballero, ni\u00f1o o ni\u00f1a ajustando globos tem\u00e1ticos y colores de dise\u00f1o.<\/p>\n","protected":false},"excerpt":{"rendered":"<p>Arreglo de globos con helio: 1 globo de 18 pulgadas tema &#8220;Aniversario&#8221; y 6 globos de latex de 9 pulgadas en dorado y plata; se sujetan a una pesa que consta de un globlo con agua forrado en papel de china de colores acordes al globo principal. Puede solicitar que se ensamble para dama o [&hellip;]<\/p>\n","protected":false},"featured_media":678,"template":"","meta":[],"product_brand":[],"product_cat":[31],"product_tag":[],"class_list":{"0":"post-677","1":"product","2":"type-product","3":"status-publish","4":"has-post-thumbnail","6":"product_cat-amor-aniversario","8":"first","9":"instock","10":"taxable","11":"shipping-taxable","12":"purchasable","13":"product-type-simple"},"jetpack_sharing_enabled":true,"_links":{"self":[{"href":"https:\/\/www.masflores.com.mx\/monterrey\/index.php\/wp-json\/wp\/v2\/product\/677","targetHints":{"allow":["GET"]}}],"collection":[{"href":"https:\/\/www.masflores.com.mx\/monterrey\/index.php\/wp-json\/wp\/v2\/product"}],"about":[{"href":"https:\/\/www.masflores.com.mx\/monterrey\/index.php\/wp-json\/wp\/v2\/types\/product"}],"wp:featuredmedia":[{"embeddable":true,"href":"https:\/\/www.masflores.com.mx\/monterrey\/index.php\/wp-json\/wp\/v2\/media\/678"}],"wp:attachment":[{"href":"https:\/\/www.masflores.com.mx\/monterrey\/index.php\/wp-json\/wp\/v2\/media?parent=677"}],"wp:term":[{"taxonomy":"product_brand","embeddable":true,"href":"https:\/\/www.masflores.com.mx\/monterrey\/index.php\/wp-json\/wp\/v2\/product_brand?post=677"},{"taxonomy":"product_cat","embeddable":true,"href":"https:\/\/www.masflores.com.mx\/monterrey\/index.php\/wp-json\/wp\/v2\/product_cat?post=677"},{"taxonomy":"product_tag","embeddable":true,"href":"https:\/\/www.masflores.com.mx\/monterrey\/index.php\/wp-json\/wp\/v2\/product_tag?post=677"}],"curies":[{"name":"wp","href":"https:\/\/api.w.org\/{rel}","templated":true}]}}