{"id":664,"date":"2022-11-13T21:36:41","date_gmt":"2022-11-14T03:36:41","guid":{"rendered":"https:\/\/www.masflores.com.mx\/monterrey\/?post_type=product&#038;p=664"},"modified":"2025-07-06T01:10:24","modified_gmt":"2025-07-06T07:10:24","slug":"get-well-wishes","status":"publish","type":"product","link":"https:\/\/www.masflores.com.mx\/monterrey\/index.php\/producto\/get-well-wishes\/","title":{"rendered":"Get Well Wishes"},"content":{"rendered":"<p>Arreglo con 1 globos de 18 pulgadas de tema &#8220;Get Well&#8221; y globos de latex<\/p>\n<p>Nota. El dise\u00f1o de estampado del globo tem\u00e1tico puede variar conservandose el tema del mismo.<\/p>\n<p>Puede solicitar que se ensamble para dama o caballero, ni\u00f1o o ni\u00f1a ajustando globos tem\u00e1ticos y colores de dise\u00f1o.<\/p>\n","protected":false},"excerpt":{"rendered":"<p>Arreglo con 1 globos de 18 pulgadas de tema &#8220;Get Well&#8221; y globos de latex Nota. El dise\u00f1o de estampado del globo tem\u00e1tico puede variar conservandose el tema del mismo. Puede solicitar que se ensamble para dama o caballero, ni\u00f1o o ni\u00f1a ajustando globos tem\u00e1ticos y colores de dise\u00f1o.<\/p>\n","protected":false},"featured_media":3450,"template":"","meta":[],"product_brand":[],"product_cat":[28],"product_tag":[84,83],"class_list":{"0":"post-664","1":"product","2":"type-product","3":"status-publish","4":"has-post-thumbnail","6":"product_cat-mejorate-get-well","7":"product_tag-get-well","8":"product_tag-mejorate-pronto","10":"first","11":"instock","12":"taxable","13":"shipping-taxable","14":"purchasable","15":"product-type-simple"},"jetpack_sharing_enabled":true,"_links":{"self":[{"href":"https:\/\/www.masflores.com.mx\/monterrey\/index.php\/wp-json\/wp\/v2\/product\/664","targetHints":{"allow":["GET"]}}],"collection":[{"href":"https:\/\/www.masflores.com.mx\/monterrey\/index.php\/wp-json\/wp\/v2\/product"}],"about":[{"href":"https:\/\/www.masflores.com.mx\/monterrey\/index.php\/wp-json\/wp\/v2\/types\/product"}],"wp:featuredmedia":[{"embeddable":true,"href":"https:\/\/www.masflores.com.mx\/monterrey\/index.php\/wp-json\/wp\/v2\/media\/3450"}],"wp:attachment":[{"href":"https:\/\/www.masflores.com.mx\/monterrey\/index.php\/wp-json\/wp\/v2\/media?parent=664"}],"wp:term":[{"taxonomy":"product_brand","embeddable":true,"href":"https:\/\/www.masflores.com.mx\/monterrey\/index.php\/wp-json\/wp\/v2\/product_brand?post=664"},{"taxonomy":"product_cat","embeddable":true,"href":"https:\/\/www.masflores.com.mx\/monterrey\/index.php\/wp-json\/wp\/v2\/product_cat?post=664"},{"taxonomy":"product_tag","embeddable":true,"href":"https:\/\/www.masflores.com.mx\/monterrey\/index.php\/wp-json\/wp\/v2\/product_tag?post=664"}],"curies":[{"name":"wp","href":"https:\/\/api.w.org\/{rel}","templated":true}]}}