{"id":647,"date":"2022-11-13T20:39:03","date_gmt":"2022-11-14T02:39:03","guid":{"rendered":"https:\/\/www.masflores.com.mx\/monterrey\/?post_type=product&#038;p=647"},"modified":"2025-07-06T01:08:41","modified_gmt":"2025-07-06T07:08:41","slug":"g03-its-a-girl","status":"publish","type":"product","link":"https:\/\/www.masflores.com.mx\/monterrey\/index.php\/producto\/g03-its-a-girl\/","title":{"rendered":"G03 Its a girl"},"content":{"rendered":"<p>Arreglo con 1 globos de 18 pulgadas de tema &#8220;Es ni\u00f1a&#8221;, 2 globos 8 pulgadas temas &#8220;Es ni\u00f1a&#8221; y globos de latex<\/p>\n<p>Puede solicitar que se ensamble para ni\u00f1o o ni\u00f1a ajustando globos tem\u00e1ticos y colores de dise\u00f1o.<\/p>\n","protected":false},"excerpt":{"rendered":"<p>Arreglo con 1 globos de 18 pulgadas de tema &#8220;Es ni\u00f1a&#8221;, 2 globos 8 pulgadas temas &#8220;Es ni\u00f1a&#8221; y globos de latex Puede solicitar que se ensamble para ni\u00f1o o ni\u00f1a ajustando globos tem\u00e1ticos y colores de dise\u00f1o.<\/p>\n","protected":false},"featured_media":648,"template":"","meta":[],"product_brand":[],"product_cat":[27],"product_tag":[],"class_list":{"0":"post-647","1":"product","2":"type-product","3":"status-publish","4":"has-post-thumbnail","6":"product_cat-nacimiento-maternidad","8":"first","9":"instock","10":"taxable","11":"shipping-taxable","12":"purchasable","13":"product-type-simple"},"jetpack_sharing_enabled":true,"_links":{"self":[{"href":"https:\/\/www.masflores.com.mx\/monterrey\/index.php\/wp-json\/wp\/v2\/product\/647","targetHints":{"allow":["GET"]}}],"collection":[{"href":"https:\/\/www.masflores.com.mx\/monterrey\/index.php\/wp-json\/wp\/v2\/product"}],"about":[{"href":"https:\/\/www.masflores.com.mx\/monterrey\/index.php\/wp-json\/wp\/v2\/types\/product"}],"wp:featuredmedia":[{"embeddable":true,"href":"https:\/\/www.masflores.com.mx\/monterrey\/index.php\/wp-json\/wp\/v2\/media\/648"}],"wp:attachment":[{"href":"https:\/\/www.masflores.com.mx\/monterrey\/index.php\/wp-json\/wp\/v2\/media?parent=647"}],"wp:term":[{"taxonomy":"product_brand","embeddable":true,"href":"https:\/\/www.masflores.com.mx\/monterrey\/index.php\/wp-json\/wp\/v2\/product_brand?post=647"},{"taxonomy":"product_cat","embeddable":true,"href":"https:\/\/www.masflores.com.mx\/monterrey\/index.php\/wp-json\/wp\/v2\/product_cat?post=647"},{"taxonomy":"product_tag","embeddable":true,"href":"https:\/\/www.masflores.com.mx\/monterrey\/index.php\/wp-json\/wp\/v2\/product_tag?post=647"}],"curies":[{"name":"wp","href":"https:\/\/api.w.org\/{rel}","templated":true}]}}