{"id":5941,"date":"2026-02-24T23:12:04","date_gmt":"2026-02-25T05:12:04","guid":{"rendered":"https:\/\/www.masflores.com.mx\/monterrey\/?post_type=product&#038;p=5941"},"modified":"2026-02-24T23:17:25","modified_gmt":"2026-02-25T05:17:25","slug":"12-rosas-blancas-en-corazon","status":"publish","type":"product","link":"https:\/\/www.masflores.com.mx\/monterrey\/index.php\/producto\/12-rosas-blancas-en-corazon\/","title":{"rendered":"12 Rosas Blancas en Coraz\u00f3n 3d"},"content":{"rendered":"<p>Coraz\u00f3n 3d de cer\u00e1mica color chocolate con 12 rosas blancas y astroemerias. Sobrio y elegante!<\/p>\n<p><strong>Durante tu proceso de compra ver\u00e1s un cuadro de texto donde podr\u00e1s incluir un mensaje para tarjeta as\u00ed como detallarnos instrucciones y selecciones de color.<\/strong><\/p>\n<p>Si tienes dudas cont\u00e1ctanos por medio de nuestro Chat en l\u00ednea!!!<\/p>\n","protected":false},"excerpt":{"rendered":"<p>Coraz\u00f3n 3d de cer\u00e1mica color chocolate con 12 rosas blancas y astroemerias. Sobrio y elegante!<\/p>\n","protected":false},"featured_media":5942,"template":"","meta":[],"product_brand":[],"product_cat":[41,23,34,72],"product_tag":[71,48,91,46,66,70,69,47,45],"class_list":{"0":"post-5941","1":"product","2":"type-product","3":"status-publish","4":"has-post-thumbnail","6":"product_cat-cajas-novedades","7":"product_cat-cruz-funeral","8":"product_cat-arreglos-rosas","9":"product_cat-mama-10-mayo","10":"product_tag-10-de-mayo","11":"product_tag-12-rosas","12":"product_tag-14-de-febrero","13":"product_tag-amor-y-amistad","14":"product_tag-aniversario","15":"product_tag-dia-de-las-madres","16":"product_tag-mama","17":"product_tag-romantico","18":"product_tag-san-valentin","19":"pa_color-rosas-amarillo","20":"pa_color-rosas-blanco","21":"pa_color-rosas-fiusha","22":"pa_color-rosas-lavanda","23":"pa_color-rosas-naranja","24":"pa_color-rosas-rojo","25":"pa_color-rosas-rosa","27":"first","28":"instock","29":"taxable","30":"shipping-taxable","31":"purchasable","32":"product-type-simple"},"jetpack_sharing_enabled":true,"_links":{"self":[{"href":"https:\/\/www.masflores.com.mx\/monterrey\/index.php\/wp-json\/wp\/v2\/product\/5941","targetHints":{"allow":["GET"]}}],"collection":[{"href":"https:\/\/www.masflores.com.mx\/monterrey\/index.php\/wp-json\/wp\/v2\/product"}],"about":[{"href":"https:\/\/www.masflores.com.mx\/monterrey\/index.php\/wp-json\/wp\/v2\/types\/product"}],"wp:featuredmedia":[{"embeddable":true,"href":"https:\/\/www.masflores.com.mx\/monterrey\/index.php\/wp-json\/wp\/v2\/media\/5942"}],"wp:attachment":[{"href":"https:\/\/www.masflores.com.mx\/monterrey\/index.php\/wp-json\/wp\/v2\/media?parent=5941"}],"wp:term":[{"taxonomy":"product_brand","embeddable":true,"href":"https:\/\/www.masflores.com.mx\/monterrey\/index.php\/wp-json\/wp\/v2\/product_brand?post=5941"},{"taxonomy":"product_cat","embeddable":true,"href":"https:\/\/www.masflores.com.mx\/monterrey\/index.php\/wp-json\/wp\/v2\/product_cat?post=5941"},{"taxonomy":"product_tag","embeddable":true,"href":"https:\/\/www.masflores.com.mx\/monterrey\/index.php\/wp-json\/wp\/v2\/product_tag?post=5941"}],"curies":[{"name":"wp","href":"https:\/\/api.w.org\/{rel}","templated":true}]}}