{"id":594,"date":"2022-11-13T14:38:46","date_gmt":"2022-11-13T20:38:46","guid":{"rendered":"https:\/\/www.masflores.com.mx\/monterrey\/?post_type=product&#038;p=594"},"modified":"2026-05-14T19:30:30","modified_gmt":"2026-05-15T01:30:30","slug":"globo-orbe-conjunto","status":"publish","type":"product","link":"https:\/\/www.masflores.com.mx\/monterrey\/index.php\/producto\/globo-orbe-conjunto\/","title":{"rendered":"Conjunto Orbes"},"content":{"rendered":"<p>Globos Orbe semiesf\u00e9ricos 2\u00a0 de 15 pulgadas, 1 de 22 pulgadas inflados con helio, personalizado con vin\u00edl y girnaldas de papel de china. Puede llevar una frase que nos indique.<\/p>\n<p>Durante tu proceso de compra ver\u00e1s un cuadro de texto donde podr\u00e1s incluir un mensaje para tarjeta as\u00ed como detallarnos instrucciones y selecciones de color. <strong>Recomendamos colocar su pedido con un d\u00eda de anticipaci\u00f3n<\/strong><\/p>\n<p>Si tienes dudas cont\u00e1ctanos por medio de nuestro Chat en l\u00ednea!!!<\/p>\n","protected":false},"excerpt":{"rendered":"<p>Globos Orbe semiesf\u00e9ricos 2\u00a0 de 15 pulgadas, 1 de 22 pulgadas inflados con helio, personalizado con vin\u00edl y girnaldas de papel de china. Puede llevar una frase que nos indique.<\/p>\n","protected":false},"featured_media":6247,"template":"","meta":[],"product_brand":[],"product_cat":[29,26,27],"product_tag":[],"class_list":{"0":"post-594","1":"product","2":"type-product","3":"status-publish","4":"has-post-thumbnail","6":"product_cat-globos-personalizados","7":"product_cat-cumpleanos-birthday","8":"product_cat-nacimiento-maternidad","10":"first","11":"instock","12":"taxable","13":"shipping-taxable","14":"purchasable","15":"product-type-simple"},"jetpack_sharing_enabled":true,"_links":{"self":[{"href":"https:\/\/www.masflores.com.mx\/monterrey\/index.php\/wp-json\/wp\/v2\/product\/594","targetHints":{"allow":["GET"]}}],"collection":[{"href":"https:\/\/www.masflores.com.mx\/monterrey\/index.php\/wp-json\/wp\/v2\/product"}],"about":[{"href":"https:\/\/www.masflores.com.mx\/monterrey\/index.php\/wp-json\/wp\/v2\/types\/product"}],"wp:featuredmedia":[{"embeddable":true,"href":"https:\/\/www.masflores.com.mx\/monterrey\/index.php\/wp-json\/wp\/v2\/media\/6247"}],"wp:attachment":[{"href":"https:\/\/www.masflores.com.mx\/monterrey\/index.php\/wp-json\/wp\/v2\/media?parent=594"}],"wp:term":[{"taxonomy":"product_brand","embeddable":true,"href":"https:\/\/www.masflores.com.mx\/monterrey\/index.php\/wp-json\/wp\/v2\/product_brand?post=594"},{"taxonomy":"product_cat","embeddable":true,"href":"https:\/\/www.masflores.com.mx\/monterrey\/index.php\/wp-json\/wp\/v2\/product_cat?post=594"},{"taxonomy":"product_tag","embeddable":true,"href":"https:\/\/www.masflores.com.mx\/monterrey\/index.php\/wp-json\/wp\/v2\/product_tag?post=594"}],"curies":[{"name":"wp","href":"https:\/\/api.w.org\/{rel}","templated":true}]}}