{"id":592,"date":"2022-11-13T14:26:41","date_gmt":"2022-11-13T20:26:41","guid":{"rendered":"https:\/\/www.masflores.com.mx\/monterrey\/?post_type=product&#038;p=592"},"modified":"2026-02-18T14:38:14","modified_gmt":"2026-02-18T20:38:14","slug":"globo-orbe-en-columna","status":"publish","type":"product","link":"https:\/\/www.masflores.com.mx\/monterrey\/index.php\/producto\/globo-orbe-en-columna\/","title":{"rendered":"Globo Orbe en Columna"},"content":{"rendered":"<h4><strong>Al colocar su orden ind\u00edquenos la combinaci\u00f3n de color que requiere para su arreglo.<\/strong><\/h4>\n<p>Globo Orbe semiesf\u00e9rico de 20 pulgadas inflado con aire, personalizado con vin\u00edl, ensamblada sobre una base decorada con columna de globos de l\u00e1tex de 5 pulgadas. Puede llevar una frase que nos indique as\u00ed como la combinaci\u00f3n de colores de su preferencia. IMAGEN ILUSTRATIVA.<\/p>\n<p>Durante tu proceso de compra ver\u00e1s un cuadro de texto donde podr\u00e1s incluir un mensaje para tarjeta as\u00ed como detallarnos instrucciones y selecciones de color. <strong>Recomendamos colocar su pedido con un d\u00eda de anticipaci\u00f3n<\/strong><\/p>\n<p>Si tienes dudas cont\u00e1ctanos por medio de nuestro Chat en l\u00ednea!!!<\/p>\n","protected":false},"excerpt":{"rendered":"<p>Globo Orbe semiesf\u00e9rico de 20 pulgadas inflado con aire, personalizado con vin\u00edl, ensamblada sobre una base decorada con columna de globos de l\u00e1tex de 5 pulgadas.<\/p>\n","protected":false},"featured_media":593,"template":"","meta":[],"product_brand":[],"product_cat":[29,26],"product_tag":[66,63,64],"class_list":{"0":"post-592","1":"product","2":"type-product","3":"status-publish","4":"has-post-thumbnail","6":"product_cat-globos-personalizados","7":"product_cat-cumpleanos-birthday","8":"product_tag-aniversario","9":"product_tag-cumpleanos","10":"product_tag-nacimiento","12":"first","13":"instock","14":"taxable","15":"shipping-taxable","16":"purchasable","17":"product-type-simple"},"jetpack_sharing_enabled":true,"_links":{"self":[{"href":"https:\/\/www.masflores.com.mx\/monterrey\/index.php\/wp-json\/wp\/v2\/product\/592","targetHints":{"allow":["GET"]}}],"collection":[{"href":"https:\/\/www.masflores.com.mx\/monterrey\/index.php\/wp-json\/wp\/v2\/product"}],"about":[{"href":"https:\/\/www.masflores.com.mx\/monterrey\/index.php\/wp-json\/wp\/v2\/types\/product"}],"wp:featuredmedia":[{"embeddable":true,"href":"https:\/\/www.masflores.com.mx\/monterrey\/index.php\/wp-json\/wp\/v2\/media\/593"}],"wp:attachment":[{"href":"https:\/\/www.masflores.com.mx\/monterrey\/index.php\/wp-json\/wp\/v2\/media?parent=592"}],"wp:term":[{"taxonomy":"product_brand","embeddable":true,"href":"https:\/\/www.masflores.com.mx\/monterrey\/index.php\/wp-json\/wp\/v2\/product_brand?post=592"},{"taxonomy":"product_cat","embeddable":true,"href":"https:\/\/www.masflores.com.mx\/monterrey\/index.php\/wp-json\/wp\/v2\/product_cat?post=592"},{"taxonomy":"product_tag","embeddable":true,"href":"https:\/\/www.masflores.com.mx\/monterrey\/index.php\/wp-json\/wp\/v2\/product_tag?post=592"}],"curies":[{"name":"wp","href":"https:\/\/api.w.org\/{rel}","templated":true}]}}