{"id":5841,"date":"2026-02-09T15:44:52","date_gmt":"2026-02-09T21:44:52","guid":{"rendered":"https:\/\/www.masflores.com.mx\/monterrey\/?post_type=product&#038;p=5841"},"modified":"2026-02-16T12:14:16","modified_gmt":"2026-02-16T18:14:16","slug":"gerberas-happiness-astro","status":"publish","type":"product","link":"https:\/\/www.masflores.com.mx\/monterrey\/index.php\/producto\/gerberas-happiness-astro\/","title":{"rendered":"Gerberas Happiness B"},"content":{"rendered":"<div>Arreglo floral con 10 gerberas y astroemeria en base de vidrio. Si te gustar\u00eda a\u00f1adir un globo o chocolates visita la secci\u00f3n de extras.<\/div>\n","protected":false},"excerpt":{"rendered":"<p>Arreglo floral con 10 gerberas y astroemeria en base de vidrio. Si te gustar\u00eda a\u00f1adir un globo o chocolates visita la secci\u00f3n de extras.<\/p>\n","protected":false},"featured_media":5842,"template":"","meta":[],"product_brand":[],"product_cat":[36,43],"product_tag":[45],"class_list":{"0":"post-5841","1":"product","2":"type-product","3":"status-publish","4":"has-post-thumbnail","6":"product_cat-alegres-festivos","7":"product_cat-san-valentin","8":"product_tag-san-valentin","10":"first","11":"instock","12":"taxable","13":"shipping-taxable","14":"purchasable","15":"product-type-simple"},"jetpack_sharing_enabled":true,"_links":{"self":[{"href":"https:\/\/www.masflores.com.mx\/monterrey\/index.php\/wp-json\/wp\/v2\/product\/5841","targetHints":{"allow":["GET"]}}],"collection":[{"href":"https:\/\/www.masflores.com.mx\/monterrey\/index.php\/wp-json\/wp\/v2\/product"}],"about":[{"href":"https:\/\/www.masflores.com.mx\/monterrey\/index.php\/wp-json\/wp\/v2\/types\/product"}],"wp:featuredmedia":[{"embeddable":true,"href":"https:\/\/www.masflores.com.mx\/monterrey\/index.php\/wp-json\/wp\/v2\/media\/5842"}],"wp:attachment":[{"href":"https:\/\/www.masflores.com.mx\/monterrey\/index.php\/wp-json\/wp\/v2\/media?parent=5841"}],"wp:term":[{"taxonomy":"product_brand","embeddable":true,"href":"https:\/\/www.masflores.com.mx\/monterrey\/index.php\/wp-json\/wp\/v2\/product_brand?post=5841"},{"taxonomy":"product_cat","embeddable":true,"href":"https:\/\/www.masflores.com.mx\/monterrey\/index.php\/wp-json\/wp\/v2\/product_cat?post=5841"},{"taxonomy":"product_tag","embeddable":true,"href":"https:\/\/www.masflores.com.mx\/monterrey\/index.php\/wp-json\/wp\/v2\/product_tag?post=5841"}],"curies":[{"name":"wp","href":"https:\/\/api.w.org\/{rel}","templated":true}]}}