{"id":558,"date":"2022-11-08T00:07:27","date_gmt":"2022-11-08T06:07:27","guid":{"rendered":"https:\/\/www.masflores.com.mx\/monterrey\/?post_type=product&#038;p=558"},"modified":"2026-02-18T19:11:06","modified_gmt":"2026-02-19T01:11:06","slug":"globo-bubble-24-confetti-china","status":"publish","type":"product","link":"https:\/\/www.masflores.com.mx\/monterrey\/index.php\/producto\/globo-bubble-24-confetti-china\/","title":{"rendered":"Globo Bubble 24 &#8211; Confetti China"},"content":{"rendered":"<p>Globo Bubble transparente de 24 pulgadas y texto personalizado con confetti y guirnalda de papel de china colores a elegir. Puede llevar una frase que nos indique.<\/p>\n<p>Durante tu proceso de compra ver\u00e1s un cuadro de texto donde podr\u00e1s incluir un mensaje para tarjeta as\u00ed como detallarnos instrucciones y selecciones de color. <strong>Recomendamos colocar su pedido con un d\u00eda de anticipaci\u00f3n<\/strong><\/p>\n<p>Si tienes dudas cont\u00e1ctanos por medio de nuestro Chat en l\u00ednea!!!<\/p>\n","protected":false},"excerpt":{"rendered":"<p>Globo Bubble transparente de 24 pulgadas y texto personalizado con confetti y guirnalda de papel de china colores a elegir. Puede llevar una frase que nos indique. Durante tu proceso de compra ver\u00e1s un cuadro de texto donde podr\u00e1s incluir un mensaje para tarjeta as\u00ed como detallarnos instrucciones y selecciones de color. Recomendamos colocar su [&hellip;]<\/p>\n","protected":false},"featured_media":559,"template":"","meta":[],"product_brand":[],"product_cat":[29,26],"product_tag":[],"class_list":{"0":"post-558","1":"product","2":"type-product","3":"status-publish","4":"has-post-thumbnail","6":"product_cat-globos-personalizados","7":"product_cat-cumpleanos-birthday","9":"first","10":"instock","11":"taxable","12":"shipping-taxable","13":"purchasable","14":"product-type-simple"},"jetpack_sharing_enabled":true,"_links":{"self":[{"href":"https:\/\/www.masflores.com.mx\/monterrey\/index.php\/wp-json\/wp\/v2\/product\/558","targetHints":{"allow":["GET"]}}],"collection":[{"href":"https:\/\/www.masflores.com.mx\/monterrey\/index.php\/wp-json\/wp\/v2\/product"}],"about":[{"href":"https:\/\/www.masflores.com.mx\/monterrey\/index.php\/wp-json\/wp\/v2\/types\/product"}],"wp:featuredmedia":[{"embeddable":true,"href":"https:\/\/www.masflores.com.mx\/monterrey\/index.php\/wp-json\/wp\/v2\/media\/559"}],"wp:attachment":[{"href":"https:\/\/www.masflores.com.mx\/monterrey\/index.php\/wp-json\/wp\/v2\/media?parent=558"}],"wp:term":[{"taxonomy":"product_brand","embeddable":true,"href":"https:\/\/www.masflores.com.mx\/monterrey\/index.php\/wp-json\/wp\/v2\/product_brand?post=558"},{"taxonomy":"product_cat","embeddable":true,"href":"https:\/\/www.masflores.com.mx\/monterrey\/index.php\/wp-json\/wp\/v2\/product_cat?post=558"},{"taxonomy":"product_tag","embeddable":true,"href":"https:\/\/www.masflores.com.mx\/monterrey\/index.php\/wp-json\/wp\/v2\/product_tag?post=558"}],"curies":[{"name":"wp","href":"https:\/\/api.w.org\/{rel}","templated":true}]}}