{"id":546,"date":"2022-11-07T19:56:56","date_gmt":"2022-11-08T01:56:56","guid":{"rendered":"https:\/\/www.masflores.com.mx\/monterrey\/?post_type=product&#038;p=546"},"modified":"2026-02-18T19:11:06","modified_gmt":"2026-02-19T01:11:06","slug":"globo-bubble-corazones","status":"publish","type":"product","link":"https:\/\/www.masflores.com.mx\/monterrey\/index.php\/producto\/globo-bubble-corazones\/","title":{"rendered":"Bubble Corazones"},"content":{"rendered":"<p>Globo Bubble transparente de 24pulgadas estampado de corazones,\u00a0 inflado con helio y decorado con globlos l\u00e1tex y girnaldas de papel de china colores a elegir. Puede llevar una frase que nos indique.<\/p>\n<p>Durante tu proceso de compra ver\u00e1s un cuadro de texto donde podr\u00e1s incluir un mensaje para tarjeta as\u00ed como detallarnos instrucciones y selecciones de color. <strong>Recomendamos colocar su pedido con un d\u00eda de anticipaci\u00f3n<\/strong><\/p>\n<p>Si tienes dudas cont\u00e1ctanos por medio de nuestro Chat en l\u00ednea!!!<\/p>\n","protected":false},"excerpt":{"rendered":"<p>Globo Bubble transparente de 24pulgadas estampado de corazones,\u00a0 inflado con helio y decorado con globlos l\u00e1tex y girnaldas de papel de china colores a elegir. Puede llevar una frase que nos indique. Durante tu proceso de compra ver\u00e1s un cuadro de texto donde podr\u00e1s incluir un mensaje para tarjeta as\u00ed como detallarnos instrucciones y selecciones [&hellip;]<\/p>\n","protected":false},"featured_media":547,"template":"","meta":[],"product_brand":[],"product_cat":[29,31,43],"product_tag":[],"class_list":{"0":"post-546","1":"product","2":"type-product","3":"status-publish","4":"has-post-thumbnail","6":"product_cat-globos-personalizados","7":"product_cat-amor-aniversario","8":"product_cat-san-valentin","10":"first","11":"instock","12":"taxable","13":"shipping-taxable","14":"purchasable","15":"product-type-simple"},"jetpack_sharing_enabled":true,"_links":{"self":[{"href":"https:\/\/www.masflores.com.mx\/monterrey\/index.php\/wp-json\/wp\/v2\/product\/546","targetHints":{"allow":["GET"]}}],"collection":[{"href":"https:\/\/www.masflores.com.mx\/monterrey\/index.php\/wp-json\/wp\/v2\/product"}],"about":[{"href":"https:\/\/www.masflores.com.mx\/monterrey\/index.php\/wp-json\/wp\/v2\/types\/product"}],"wp:featuredmedia":[{"embeddable":true,"href":"https:\/\/www.masflores.com.mx\/monterrey\/index.php\/wp-json\/wp\/v2\/media\/547"}],"wp:attachment":[{"href":"https:\/\/www.masflores.com.mx\/monterrey\/index.php\/wp-json\/wp\/v2\/media?parent=546"}],"wp:term":[{"taxonomy":"product_brand","embeddable":true,"href":"https:\/\/www.masflores.com.mx\/monterrey\/index.php\/wp-json\/wp\/v2\/product_brand?post=546"},{"taxonomy":"product_cat","embeddable":true,"href":"https:\/\/www.masflores.com.mx\/monterrey\/index.php\/wp-json\/wp\/v2\/product_cat?post=546"},{"taxonomy":"product_tag","embeddable":true,"href":"https:\/\/www.masflores.com.mx\/monterrey\/index.php\/wp-json\/wp\/v2\/product_tag?post=546"}],"curies":[{"name":"wp","href":"https:\/\/api.w.org\/{rel}","templated":true}]}}