{"id":540,"date":"2022-11-07T19:12:32","date_gmt":"2022-11-08T01:12:32","guid":{"rendered":"https:\/\/www.masflores.com.mx\/monterrey\/?post_type=product&#038;p=540"},"modified":"2026-05-06T23:54:51","modified_gmt":"2026-05-07T05:54:51","slug":"globo-18p-transparente-en-base","status":"publish","type":"product","link":"https:\/\/www.masflores.com.mx\/monterrey\/index.php\/producto\/globo-18p-transparente-en-base\/","title":{"rendered":"Globo 18p Transparente en Base"},"content":{"rendered":"<h4><strong>Al colocar su orden ind\u00edquenos la combinaci\u00f3n de color que requiere para su arreglo.<\/strong><\/h4>\n<p>Globo Burbuja Transparente de 18 pulgadas inflado con aire, decorado interior y exterior con globos de l\u00e1tex color a eleg\u00edr.<\/p>\n<p>Puede llevar una frase o mensaje as\u00ed como tambi\u00e9n en su interior puede sustituirse los globos por papelitos o pintura en colores surtidos o de tu elecci\u00f3n!!!<\/p>\n<p><strong>Durante tu proceso de compra ver\u00e1s un cuadro de texto donde podr\u00e1s incluir un mensaje para tarjeta as\u00ed como detallarnos instrucciones y selecciones de color.<\/strong><\/p>\n<p>Si tienes dudas cont\u00e1ctanos por medio de nuestro Chat en l\u00ednea!!!<\/p>\n","protected":false},"excerpt":{"rendered":"<p>Al colocar su orden ind\u00edquenos la combinaci\u00f3n de color que requiere para su arreglo. Globo Burbuja Transparente de 18 pulgadas inflado con aire, decorado interior y exterior con globos de l\u00e1tex color a eleg\u00edr. Puede llevar una frase o mensaje as\u00ed como tambi\u00e9n en su interior puede sustituirse los globos por papelitos o pintura en [&hellip;]<\/p>\n","protected":false},"featured_media":541,"template":"","meta":[],"product_brand":[],"product_cat":[29],"product_tag":[],"class_list":{"0":"post-540","1":"product","2":"type-product","3":"status-publish","4":"has-post-thumbnail","6":"product_cat-globos-personalizados","8":"first","9":"outofstock","10":"taxable","11":"shipping-taxable","12":"purchasable","13":"product-type-simple"},"jetpack_sharing_enabled":true,"_links":{"self":[{"href":"https:\/\/www.masflores.com.mx\/monterrey\/index.php\/wp-json\/wp\/v2\/product\/540","targetHints":{"allow":["GET"]}}],"collection":[{"href":"https:\/\/www.masflores.com.mx\/monterrey\/index.php\/wp-json\/wp\/v2\/product"}],"about":[{"href":"https:\/\/www.masflores.com.mx\/monterrey\/index.php\/wp-json\/wp\/v2\/types\/product"}],"wp:featuredmedia":[{"embeddable":true,"href":"https:\/\/www.masflores.com.mx\/monterrey\/index.php\/wp-json\/wp\/v2\/media\/541"}],"wp:attachment":[{"href":"https:\/\/www.masflores.com.mx\/monterrey\/index.php\/wp-json\/wp\/v2\/media?parent=540"}],"wp:term":[{"taxonomy":"product_brand","embeddable":true,"href":"https:\/\/www.masflores.com.mx\/monterrey\/index.php\/wp-json\/wp\/v2\/product_brand?post=540"},{"taxonomy":"product_cat","embeddable":true,"href":"https:\/\/www.masflores.com.mx\/monterrey\/index.php\/wp-json\/wp\/v2\/product_cat?post=540"},{"taxonomy":"product_tag","embeddable":true,"href":"https:\/\/www.masflores.com.mx\/monterrey\/index.php\/wp-json\/wp\/v2\/product_tag?post=540"}],"curies":[{"name":"wp","href":"https:\/\/api.w.org\/{rel}","templated":true}]}}