{"id":472,"date":"2022-11-02T23:12:30","date_gmt":"2022-11-03T05:12:30","guid":{"rendered":"https:\/\/masflores.com.mx\/monterrey\/?post_type=product&#038;p=472"},"modified":"2026-02-18T18:39:10","modified_gmt":"2026-02-19T00:39:10","slug":"rosas-pave","status":"publish","type":"product","link":"https:\/\/www.masflores.com.mx\/monterrey\/index.php\/producto\/rosas-pave\/","title":{"rendered":"Rosas Pave"},"content":{"rendered":"<p>24 <strong>rosas<\/strong> rojas en estilo pav\u00e9 (el estilo pav\u00e9 semeja una alfombra) en base cuadrada. Arreglo ideal para escritorio o mesa de caf\u00e9. Si desea agregar un globo o chocolates, visite nuestra secci\u00f3n de extras. No olvide agregar un mensaje al terminar su pago.<\/p>\n<p><strong>Tips<\/strong><br \/>\nTu arreglo requiere de muy poco cuidado, s\u00f3lo te recomendamos agregar un poco de agua cada tercer d\u00eda, y retirar cualquier p\u00e9talo da\u00f1ado de las <strong>flores<\/strong>. Procurando evitar mantenerlo bajo la luz directa del sol.<\/p>\n","protected":false},"excerpt":{"rendered":"<p>24 <strong>rosas<\/strong> rojas en estilo pav\u00e9 (el estilo pav\u00e9 semeja una alfombra) en base cuadrada. Arreglo ideal para escritorio o mesa de caf\u00e9. Si desea agregar un globo o chocolates, visite nuestra secci\u00f3n de extras. No olvide agregar un mensaje al terminar su pago.<\/p>\n","protected":false},"featured_media":473,"template":"","meta":[],"product_brand":[],"product_cat":[34,41],"product_tag":[],"class_list":{"0":"post-472","1":"product","2":"type-product","3":"status-publish","4":"has-post-thumbnail","6":"product_cat-arreglos-rosas","7":"product_cat-cajas-novedades","9":"first","10":"instock","11":"taxable","12":"shipping-taxable","13":"purchasable","14":"product-type-simple"},"jetpack_sharing_enabled":true,"_links":{"self":[{"href":"https:\/\/www.masflores.com.mx\/monterrey\/index.php\/wp-json\/wp\/v2\/product\/472","targetHints":{"allow":["GET"]}}],"collection":[{"href":"https:\/\/www.masflores.com.mx\/monterrey\/index.php\/wp-json\/wp\/v2\/product"}],"about":[{"href":"https:\/\/www.masflores.com.mx\/monterrey\/index.php\/wp-json\/wp\/v2\/types\/product"}],"wp:featuredmedia":[{"embeddable":true,"href":"https:\/\/www.masflores.com.mx\/monterrey\/index.php\/wp-json\/wp\/v2\/media\/473"}],"wp:attachment":[{"href":"https:\/\/www.masflores.com.mx\/monterrey\/index.php\/wp-json\/wp\/v2\/media?parent=472"}],"wp:term":[{"taxonomy":"product_brand","embeddable":true,"href":"https:\/\/www.masflores.com.mx\/monterrey\/index.php\/wp-json\/wp\/v2\/product_brand?post=472"},{"taxonomy":"product_cat","embeddable":true,"href":"https:\/\/www.masflores.com.mx\/monterrey\/index.php\/wp-json\/wp\/v2\/product_cat?post=472"},{"taxonomy":"product_tag","embeddable":true,"href":"https:\/\/www.masflores.com.mx\/monterrey\/index.php\/wp-json\/wp\/v2\/product_tag?post=472"}],"curies":[{"name":"wp","href":"https:\/\/api.w.org\/{rel}","templated":true}]}}