{"id":470,"date":"2022-11-02T23:08:12","date_gmt":"2022-11-03T05:08:12","guid":{"rendered":"https:\/\/masflores.com.mx\/monterrey\/?post_type=product&#038;p=470"},"modified":"2026-02-18T18:41:05","modified_gmt":"2026-02-19T00:41:05","slug":"24-rosas-fiusha","status":"publish","type":"product","link":"https:\/\/www.masflores.com.mx\/monterrey\/index.php\/producto\/24-rosas-fiusha\/","title":{"rendered":"24 Rosas Fiusha"},"content":{"rendered":"<p>Dos docenas de <strong>rosas<\/strong> fiusha en un hermoso florero. No olvide visitar nuestra secci\u00f3n de EXTRAS.<\/p>\n<p><strong>Tips<\/strong><br \/>\nPara poder disfrutar tus <strong>flores<\/strong> el mayor tiempo posible te sugerimos que cada tercer d\u00eda retires petalos y hojas da\u00f1adas, as\u00ed como realizar un corte de 1cm de cada tallo reemplazando el agua al mismo tiempo.<\/p>\n","protected":false},"excerpt":{"rendered":"<p>Dos docenas de rosas fiusha en un hermoso florero. No olvide visitar nuestra secci\u00f3n de EXTRAS. Tips Para poder disfrutar tus flores el mayor tiempo posible te sugerimos que cada tercer d\u00eda retires petalos y hojas da\u00f1adas, as\u00ed como realizar un corte de 1cm de cada tallo reemplazando el agua al mismo tiempo.<\/p>\n","protected":false},"featured_media":471,"template":"","meta":[],"product_brand":[],"product_cat":[34],"product_tag":[],"class_list":{"0":"post-470","1":"product","2":"type-product","3":"status-publish","4":"has-post-thumbnail","6":"product_cat-arreglos-rosas","8":"first","9":"instock","10":"taxable","11":"shipping-taxable","12":"purchasable","13":"product-type-simple"},"jetpack_sharing_enabled":true,"_links":{"self":[{"href":"https:\/\/www.masflores.com.mx\/monterrey\/index.php\/wp-json\/wp\/v2\/product\/470","targetHints":{"allow":["GET"]}}],"collection":[{"href":"https:\/\/www.masflores.com.mx\/monterrey\/index.php\/wp-json\/wp\/v2\/product"}],"about":[{"href":"https:\/\/www.masflores.com.mx\/monterrey\/index.php\/wp-json\/wp\/v2\/types\/product"}],"wp:featuredmedia":[{"embeddable":true,"href":"https:\/\/www.masflores.com.mx\/monterrey\/index.php\/wp-json\/wp\/v2\/media\/471"}],"wp:attachment":[{"href":"https:\/\/www.masflores.com.mx\/monterrey\/index.php\/wp-json\/wp\/v2\/media?parent=470"}],"wp:term":[{"taxonomy":"product_brand","embeddable":true,"href":"https:\/\/www.masflores.com.mx\/monterrey\/index.php\/wp-json\/wp\/v2\/product_brand?post=470"},{"taxonomy":"product_cat","embeddable":true,"href":"https:\/\/www.masflores.com.mx\/monterrey\/index.php\/wp-json\/wp\/v2\/product_cat?post=470"},{"taxonomy":"product_tag","embeddable":true,"href":"https:\/\/www.masflores.com.mx\/monterrey\/index.php\/wp-json\/wp\/v2\/product_tag?post=470"}],"curies":[{"name":"wp","href":"https:\/\/api.w.org\/{rel}","templated":true}]}}