{"id":4679,"date":"2025-03-24T14:14:40","date_gmt":"2025-03-24T20:14:40","guid":{"rendered":"https:\/\/www.masflores.com.mx\/monterrey\/?post_type=product&#038;p=4679"},"modified":"2026-02-18T18:26:09","modified_gmt":"2026-02-19T00:26:09","slug":"ramo-50-rosas-rojas-corazon","status":"publish","type":"product","link":"https:\/\/www.masflores.com.mx\/monterrey\/index.php\/producto\/ramo-50-rosas-rojas-corazon\/","title":{"rendered":"03D Ramo 50 Rosas Rojas Coraz\u00f3n"},"content":{"rendered":"<p>Ramo 50 Rosas Rojas Coraz\u00f3n. Elegante y romantiqu\u00edsimo!!!<\/p>\n<p><strong>* Puede elegir las rosas en el color de su preferencia.<\/strong><\/p>\n<p>Si te gustar\u00eda agregar un globo o chocolates visita la seccion de extras.<\/p>\n<p>#Floreriaenmonterrey #ramobuch\u00f3n<\/p>\n<p>Env\u00edo en Monterrey y \u00e1rea Metropolitana, servicio mismo d\u00eda disponible.<\/p>\n","protected":false},"excerpt":{"rendered":"<p>Ramo 50 Rosas Rojas Coraz\u00f3n. Elegante y romantiqu\u00edsimo!!! Env\u00edo en Monterrey y \u00e1rea metropolitana. Whatsapp 8182709010<\/p>\n","protected":false},"featured_media":4680,"template":"","meta":[],"product_brand":[],"product_cat":[24,43],"product_tag":[71,70,69],"class_list":{"0":"post-4679","1":"product","2":"type-product","3":"status-publish","4":"has-post-thumbnail","6":"product_cat-ramos-bouquets","7":"product_cat-san-valentin","8":"product_tag-10-de-mayo","9":"product_tag-dia-de-las-madres","10":"product_tag-mama","11":"pa_color-rosas-amarillo","12":"pa_color-rosas-blanco","13":"pa_color-rosas-fiusha","14":"pa_color-rosas-lavanda","15":"pa_color-rosas-naranja","16":"pa_color-rosas-rojo","17":"pa_color-rosas-rosa","19":"first","20":"instock","21":"taxable","22":"shipping-taxable","23":"purchasable","24":"product-type-simple"},"jetpack_sharing_enabled":true,"_links":{"self":[{"href":"https:\/\/www.masflores.com.mx\/monterrey\/index.php\/wp-json\/wp\/v2\/product\/4679","targetHints":{"allow":["GET"]}}],"collection":[{"href":"https:\/\/www.masflores.com.mx\/monterrey\/index.php\/wp-json\/wp\/v2\/product"}],"about":[{"href":"https:\/\/www.masflores.com.mx\/monterrey\/index.php\/wp-json\/wp\/v2\/types\/product"}],"wp:featuredmedia":[{"embeddable":true,"href":"https:\/\/www.masflores.com.mx\/monterrey\/index.php\/wp-json\/wp\/v2\/media\/4680"}],"wp:attachment":[{"href":"https:\/\/www.masflores.com.mx\/monterrey\/index.php\/wp-json\/wp\/v2\/media?parent=4679"}],"wp:term":[{"taxonomy":"product_brand","embeddable":true,"href":"https:\/\/www.masflores.com.mx\/monterrey\/index.php\/wp-json\/wp\/v2\/product_brand?post=4679"},{"taxonomy":"product_cat","embeddable":true,"href":"https:\/\/www.masflores.com.mx\/monterrey\/index.php\/wp-json\/wp\/v2\/product_cat?post=4679"},{"taxonomy":"product_tag","embeddable":true,"href":"https:\/\/www.masflores.com.mx\/monterrey\/index.php\/wp-json\/wp\/v2\/product_tag?post=4679"}],"curies":[{"name":"wp","href":"https:\/\/api.w.org\/{rel}","templated":true}]}}