{"id":466,"date":"2022-11-02T23:04:37","date_gmt":"2022-11-03T05:04:37","guid":{"rendered":"https:\/\/masflores.com.mx\/monterrey\/?post_type=product&#038;p=466"},"modified":"2026-05-13T13:24:12","modified_gmt":"2026-05-13T19:24:12","slug":"24-rosas-alegria-a","status":"publish","type":"product","link":"https:\/\/www.masflores.com.mx\/monterrey\/index.php\/producto\/24-rosas-alegria-a\/","title":{"rendered":"24 Rosas Alegr\u00eda A"},"content":{"rendered":"<p>Dos docenas de <strong>rosas<\/strong> amarillas en un hermoso florero. Las rosas <strong>amarillas significan<\/strong> satisfacci\u00f3n y alegr\u00eda y son una buena forma de festejar entre amigos un cumplea\u00f1os o un d\u00eda significativo.. No olvide visitar nuestra secci\u00f3n de EXTRAS.<\/p>\n<p><strong>Tips<\/strong><br \/>\nPara poder disfrutar tus <strong>flores<\/strong> el mayor tiempo posible te sugerimos que cada tercer d\u00eda retires petalos y hojas da\u00f1adas, as\u00ed como realizar un corte de 1cm de cada tallo reemplazando el agua al mismo tiempo.<\/p>\n","protected":false},"excerpt":{"rendered":"<p>Dos docenas de rosas amarillas en un hermoso florero. Las rosas amarillas significan satisfacci\u00f3n y alegr\u00eda y son una buena forma de festejar entre amigos un cumplea\u00f1os o un d\u00eda significativo.. No olvide visitar nuestra secci\u00f3n de EXTRAS. Tips Para poder disfrutar tus flores el mayor tiempo posible te sugerimos que cada tercer d\u00eda retires [&hellip;]<\/p>\n","protected":false},"featured_media":467,"template":"","meta":[],"product_brand":[],"product_cat":[34],"product_tag":[],"class_list":{"0":"post-466","1":"product","2":"type-product","3":"status-publish","4":"has-post-thumbnail","6":"product_cat-arreglos-rosas","8":"first","9":"instock","10":"taxable","11":"shipping-taxable","12":"purchasable","13":"product-type-simple"},"jetpack_sharing_enabled":true,"_links":{"self":[{"href":"https:\/\/www.masflores.com.mx\/monterrey\/index.php\/wp-json\/wp\/v2\/product\/466","targetHints":{"allow":["GET"]}}],"collection":[{"href":"https:\/\/www.masflores.com.mx\/monterrey\/index.php\/wp-json\/wp\/v2\/product"}],"about":[{"href":"https:\/\/www.masflores.com.mx\/monterrey\/index.php\/wp-json\/wp\/v2\/types\/product"}],"wp:featuredmedia":[{"embeddable":true,"href":"https:\/\/www.masflores.com.mx\/monterrey\/index.php\/wp-json\/wp\/v2\/media\/467"}],"wp:attachment":[{"href":"https:\/\/www.masflores.com.mx\/monterrey\/index.php\/wp-json\/wp\/v2\/media?parent=466"}],"wp:term":[{"taxonomy":"product_brand","embeddable":true,"href":"https:\/\/www.masflores.com.mx\/monterrey\/index.php\/wp-json\/wp\/v2\/product_brand?post=466"},{"taxonomy":"product_cat","embeddable":true,"href":"https:\/\/www.masflores.com.mx\/monterrey\/index.php\/wp-json\/wp\/v2\/product_cat?post=466"},{"taxonomy":"product_tag","embeddable":true,"href":"https:\/\/www.masflores.com.mx\/monterrey\/index.php\/wp-json\/wp\/v2\/product_tag?post=466"}],"curies":[{"name":"wp","href":"https:\/\/api.w.org\/{rel}","templated":true}]}}