{"id":4627,"date":"2025-03-10T19:44:23","date_gmt":"2025-03-11T01:44:23","guid":{"rendered":"https:\/\/www.masflores.com.mx\/monterrey\/?post_type=product&#038;p=4627"},"modified":"2026-02-18T18:35:53","modified_gmt":"2026-02-19T00:35:53","slug":"06-ramo-buchon-de-200-rosas","status":"publish","type":"product","link":"https:\/\/www.masflores.com.mx\/monterrey\/index.php\/producto\/06-ramo-buchon-de-200-rosas\/","title":{"rendered":"06 Ramo Buch\u00f3n de 200 Rosas"},"content":{"rendered":"<p>Ramo buch\u00f3n de 200 Rosas envuelto en papel coreano en colores acordes la combinaci\u00f3n de flor. Env\u00edo en Monterrey y \u00e1rea metropolitana.<\/p>\n<p>En la secci\u00f3n de Accesorios encontrar\u00e1s los elementos ideales para hacerlo lucir, no te limites!!! <a href=\"https:\/\/www.masflores.com.mx\/monterrey\/index.php\/product-category\/chocolates-peluches-etc\/\"><strong>Vamos all\u00e1<\/strong><\/a>!!!<\/p>\n<p>Lo que distingue a los<strong> ramos buchones<\/strong> es su estilo extravagante y la elegancia desbordante que transmiten. A diferencia de los ramos m\u00e1s cl\u00e1sicos y minimalistas, estos arreglos no temen a la ostentaci\u00f3n.<\/p>\n<p><strong>* Nota:<\/strong> En caso de no especificar colores, su ramo se ensamblara con los colores de rosa que se muestran en la imagen de producto.<\/p>\n<p>Florer\u00eda en Monterrey, Nuevo Le\u00f3n entregamos en\u00a0 nuestra \u00e1rea Metropolitana que incluye: Apodaca, Escobedo, Guadalupe, Monterrey, San Nicol\u00e1s de los Garza, San Pedro Garza Garc\u00eda y Santa Catarina.<br \/>\n<strong>Cons\u00faltenos por su direcci\u00f3n de destino. Servicio mismo d\u00eda disponible.<\/strong><\/p>\n<p>Si te gustar\u00eda agregar un globo o chocolates visita la seccion de extras.<\/p>\n","protected":false},"excerpt":{"rendered":"<p>Ramo buch\u00f3n de 200 Rosas envuelto en papel coreano en colores acordes la combinaci\u00f3n de flor. Env\u00edo en Monterrey y \u00e1rea metropolitana.<\/p>\n","protected":false},"featured_media":4628,"template":"","meta":[],"product_brand":[],"product_cat":[24],"product_tag":[],"class_list":{"0":"post-4627","1":"product","2":"type-product","3":"status-publish","4":"has-post-thumbnail","6":"product_cat-ramos-bouquets","8":"first","9":"instock","10":"taxable","11":"shipping-taxable","12":"purchasable","13":"product-type-simple"},"jetpack_sharing_enabled":true,"_links":{"self":[{"href":"https:\/\/www.masflores.com.mx\/monterrey\/index.php\/wp-json\/wp\/v2\/product\/4627","targetHints":{"allow":["GET"]}}],"collection":[{"href":"https:\/\/www.masflores.com.mx\/monterrey\/index.php\/wp-json\/wp\/v2\/product"}],"about":[{"href":"https:\/\/www.masflores.com.mx\/monterrey\/index.php\/wp-json\/wp\/v2\/types\/product"}],"wp:featuredmedia":[{"embeddable":true,"href":"https:\/\/www.masflores.com.mx\/monterrey\/index.php\/wp-json\/wp\/v2\/media\/4628"}],"wp:attachment":[{"href":"https:\/\/www.masflores.com.mx\/monterrey\/index.php\/wp-json\/wp\/v2\/media?parent=4627"}],"wp:term":[{"taxonomy":"product_brand","embeddable":true,"href":"https:\/\/www.masflores.com.mx\/monterrey\/index.php\/wp-json\/wp\/v2\/product_brand?post=4627"},{"taxonomy":"product_cat","embeddable":true,"href":"https:\/\/www.masflores.com.mx\/monterrey\/index.php\/wp-json\/wp\/v2\/product_cat?post=4627"},{"taxonomy":"product_tag","embeddable":true,"href":"https:\/\/www.masflores.com.mx\/monterrey\/index.php\/wp-json\/wp\/v2\/product_tag?post=4627"}],"curies":[{"name":"wp","href":"https:\/\/api.w.org\/{rel}","templated":true}]}}