{"id":4590,"date":"2025-03-03T16:33:14","date_gmt":"2025-03-03T22:33:14","guid":{"rendered":"https:\/\/www.masflores.com.mx\/monterrey\/?post_type=product&#038;p=4590"},"modified":"2026-05-07T00:22:35","modified_gmt":"2026-05-07T06:22:35","slug":"04b-ramo-de-20-girasoles-rosas-rojo-rosa","status":"publish","type":"product","link":"https:\/\/www.masflores.com.mx\/monterrey\/index.php\/producto\/04b-ramo-de-20-girasoles-rosas-rojo-rosa\/","title":{"rendered":"04B Ramo de 20 Girasoles, rosas rojo y rosa."},"content":{"rendered":"<p>Ramo de 20 Girasoles, rosas rojo y rosa. Se ensambla con 48 rosas. Espectacular y alegre ramo buch\u00f3n.<\/p>\n<p>No es un ramo grandote, es un impactante detalle.<\/p>\n<ul>\n<li><strong>\u00a0Puede elegir el color de rosas de su preferencia.<br \/>\n<\/strong><\/li>\n<li>Lo que distingue a los <strong>ramos buchones<\/strong> es su estilo extravagante y la elegancia desbordante que transmiten. A diferencia de los ramos m\u00e1s cl\u00e1sicos y minimalistas, estos arreglos no temen a la ostentaci\u00f3n.<\/li>\n<\/ul>\n<p>Si te gustar\u00eda agregar un globo o chocolates visita la seccion de extras.<\/p>\n<p>&nbsp;<\/p>\n<p>Florer\u00eda en Monterrey, entrega de arreglos florales a domicilio en Monterrey y \u00e1rea metropolitana.<\/p>\n","protected":false},"excerpt":{"rendered":"<p>Ramo de 20 Girasoles, rosas rojo y rosa.<\/p>\n","protected":false},"featured_media":4591,"template":"","meta":[],"product_brand":[],"product_cat":[24,43],"product_tag":[97],"class_list":{"0":"post-4590","1":"product","2":"type-product","3":"status-publish","4":"has-post-thumbnail","6":"product_cat-ramos-bouquets","7":"product_cat-san-valentin","8":"product_tag-ramo-buchon","9":"pa_color-rosas-amarillo","10":"pa_color-rosas-blanco","11":"pa_color-rosas-fiusha","12":"pa_color-rosas-lavanda","13":"pa_color-rosas-naranja","14":"pa_color-rosas-rojo","15":"pa_color-rosas-rosa","17":"first","18":"outofstock","19":"taxable","20":"shipping-taxable","21":"purchasable","22":"product-type-simple"},"jetpack_sharing_enabled":true,"_links":{"self":[{"href":"https:\/\/www.masflores.com.mx\/monterrey\/index.php\/wp-json\/wp\/v2\/product\/4590","targetHints":{"allow":["GET"]}}],"collection":[{"href":"https:\/\/www.masflores.com.mx\/monterrey\/index.php\/wp-json\/wp\/v2\/product"}],"about":[{"href":"https:\/\/www.masflores.com.mx\/monterrey\/index.php\/wp-json\/wp\/v2\/types\/product"}],"wp:featuredmedia":[{"embeddable":true,"href":"https:\/\/www.masflores.com.mx\/monterrey\/index.php\/wp-json\/wp\/v2\/media\/4591"}],"wp:attachment":[{"href":"https:\/\/www.masflores.com.mx\/monterrey\/index.php\/wp-json\/wp\/v2\/media?parent=4590"}],"wp:term":[{"taxonomy":"product_brand","embeddable":true,"href":"https:\/\/www.masflores.com.mx\/monterrey\/index.php\/wp-json\/wp\/v2\/product_brand?post=4590"},{"taxonomy":"product_cat","embeddable":true,"href":"https:\/\/www.masflores.com.mx\/monterrey\/index.php\/wp-json\/wp\/v2\/product_cat?post=4590"},{"taxonomy":"product_tag","embeddable":true,"href":"https:\/\/www.masflores.com.mx\/monterrey\/index.php\/wp-json\/wp\/v2\/product_tag?post=4590"}],"curies":[{"name":"wp","href":"https:\/\/api.w.org\/{rel}","templated":true}]}}