{"id":459,"date":"2022-11-02T22:46:03","date_gmt":"2022-11-03T04:46:03","guid":{"rendered":"https:\/\/masflores.com.mx\/monterrey\/?post_type=product&#038;p=459"},"modified":"2026-02-18T19:00:17","modified_gmt":"2026-02-19T01:00:17","slug":"globo-18p-caja-con-16-rosas-y-ferrero","status":"publish","type":"product","link":"https:\/\/www.masflores.com.mx\/monterrey\/index.php\/producto\/globo-18p-caja-con-16-rosas-y-ferrero\/","title":{"rendered":"Globo 18p caja con 12 Rosas y Ferrero"},"content":{"rendered":"<p>Globo Burbuja Transparente de 24 pulgadas inflado con aire, decorado interior globos de l\u00e1tex en caja con 12 rosas rojas y 8 Ferreros Rocher.<\/p>\n<p><strong>Perzonaliza: Puede llevar una frase o mensaje as\u00ed como tambi\u00e9n en su interior puede sustituirse los globos por papelitos o pintura en colores surtidos o de tu elecci\u00f3n; tambi\u00e9n puede indicarnos el color de la rosa de su preferencia!!! <\/strong><\/p>\n<p><strong>Durante tu proceso de compra ver\u00e1s un cuadro de texto donde podr\u00e1s incluir un mensaje para tarjeta as\u00ed como detallarnos instrucciones y selecciones de color.<\/strong><\/p>\n<p>Si tienes dudas cont\u00e1ctanos por medio de nuestro Chat en l\u00ednea!!!<\/p>\n","protected":false},"excerpt":{"rendered":"<p>Globo Burbuja Transparente de 24 pulgadas inflado con aire, decorado interior globos de l\u00e1tex en caja con 12 rosas rojas y 8 Ferreros Rocher. Perzonaliza: Puede llevar una frase o mensaje as\u00ed como tambi\u00e9n en su interior puede sustituirse los globos por papelitos o pintura en colores surtidos o de tu elecci\u00f3n; tambi\u00e9n puede indicarnos [&hellip;]<\/p>\n","protected":false},"featured_media":460,"template":"","meta":[],"product_brand":[],"product_cat":[41,29,72,43],"product_tag":[71,70,69],"class_list":{"0":"post-459","1":"product","2":"type-product","3":"status-publish","4":"has-post-thumbnail","6":"product_cat-cajas-novedades","7":"product_cat-globos-personalizados","8":"product_cat-mama-10-mayo","9":"product_cat-san-valentin","10":"product_tag-10-de-mayo","11":"product_tag-dia-de-las-madres","12":"product_tag-mama","14":"first","15":"instock","16":"taxable","17":"shipping-taxable","18":"purchasable","19":"product-type-simple"},"jetpack_sharing_enabled":true,"_links":{"self":[{"href":"https:\/\/www.masflores.com.mx\/monterrey\/index.php\/wp-json\/wp\/v2\/product\/459","targetHints":{"allow":["GET"]}}],"collection":[{"href":"https:\/\/www.masflores.com.mx\/monterrey\/index.php\/wp-json\/wp\/v2\/product"}],"about":[{"href":"https:\/\/www.masflores.com.mx\/monterrey\/index.php\/wp-json\/wp\/v2\/types\/product"}],"wp:featuredmedia":[{"embeddable":true,"href":"https:\/\/www.masflores.com.mx\/monterrey\/index.php\/wp-json\/wp\/v2\/media\/460"}],"wp:attachment":[{"href":"https:\/\/www.masflores.com.mx\/monterrey\/index.php\/wp-json\/wp\/v2\/media?parent=459"}],"wp:term":[{"taxonomy":"product_brand","embeddable":true,"href":"https:\/\/www.masflores.com.mx\/monterrey\/index.php\/wp-json\/wp\/v2\/product_brand?post=459"},{"taxonomy":"product_cat","embeddable":true,"href":"https:\/\/www.masflores.com.mx\/monterrey\/index.php\/wp-json\/wp\/v2\/product_cat?post=459"},{"taxonomy":"product_tag","embeddable":true,"href":"https:\/\/www.masflores.com.mx\/monterrey\/index.php\/wp-json\/wp\/v2\/product_tag?post=459"}],"curies":[{"name":"wp","href":"https:\/\/api.w.org\/{rel}","templated":true}]}}