{"id":4588,"date":"2025-03-03T15:44:19","date_gmt":"2025-03-03T21:44:19","guid":{"rendered":"https:\/\/www.masflores.com.mx\/monterrey\/?post_type=product&#038;p=4588"},"modified":"2025-03-03T16:06:39","modified_gmt":"2025-03-03T22:06:39","slug":"b03-tripie-con-50-rosas-pastel","status":"publish","type":"product","link":"https:\/\/www.masflores.com.mx\/monterrey\/index.php\/producto\/b03-tripie-con-50-rosas-pastel\/","title":{"rendered":"B04 &#8211; Tripie con 50 rosas pastel"},"content":{"rendered":"<p>Tripie con 50 rosas pastel, utilizamos colores en tonos de rosa claro<\/p>\n<p>Si necesitas enviar un arreglo floral de condolencias compacto, colorido que trasmita un mensaje de \u00e1nimo esta es tu opci\u00f3n.<\/p>\n<p>* 50 rosas hasta en tres colores. Cons\u00faltanos opciones.<br \/>\n<strong>+++ Si no hay alguna indicaci\u00f3n especifica se entrega en los colores de nuestra imagen de muestra.<\/strong><br \/>\n* Flores y follajes de colores complementarios.<br \/>\n* Di\u00e1metro del arreglo 85cm apr\u00f3x.<br \/>\n* Montado en base de tripi\u00e9 que facilita su colocaci\u00f3n.<\/p>\n<p>Para ofrecer un servicio adecuado es importante que cuente con informaci\u00f3n de la duraci\u00f3n del servicio funeral.<\/p>\n<p><strong>Nuestro tiempo de entrega es de un m\u00ednimo de 2 a 3 horas a partir de colocado su pedido y debe solicitarse antes de las 6pm para envios de mismo d\u00eda.<\/strong><\/p>\n<p><strong>Si su pedido es colocado para el d\u00eda siguiente se programa para entrega a partir de las 10am.<\/strong><\/p>\n<p>Env\u00edo de coronas f\u00fanebres, arreglos florales de condolencias en Monterrey y \u00e1rea metropolitana. Florer\u00eda en Monterrey.<\/p>\n","protected":false},"excerpt":{"rendered":"<p>Tripie con 50 rosas pastel<\/p>\n","protected":false},"featured_media":4589,"template":"","meta":[],"product_brand":[],"product_cat":[44],"product_tag":[],"class_list":{"0":"post-4588","1":"product","2":"type-product","3":"status-publish","4":"has-post-thumbnail","6":"product_cat-tripies-funeral","8":"first","9":"instock","10":"taxable","11":"shipping-taxable","12":"purchasable","13":"product-type-simple"},"jetpack_sharing_enabled":true,"_links":{"self":[{"href":"https:\/\/www.masflores.com.mx\/monterrey\/index.php\/wp-json\/wp\/v2\/product\/4588","targetHints":{"allow":["GET"]}}],"collection":[{"href":"https:\/\/www.masflores.com.mx\/monterrey\/index.php\/wp-json\/wp\/v2\/product"}],"about":[{"href":"https:\/\/www.masflores.com.mx\/monterrey\/index.php\/wp-json\/wp\/v2\/types\/product"}],"wp:featuredmedia":[{"embeddable":true,"href":"https:\/\/www.masflores.com.mx\/monterrey\/index.php\/wp-json\/wp\/v2\/media\/4589"}],"wp:attachment":[{"href":"https:\/\/www.masflores.com.mx\/monterrey\/index.php\/wp-json\/wp\/v2\/media?parent=4588"}],"wp:term":[{"taxonomy":"product_brand","embeddable":true,"href":"https:\/\/www.masflores.com.mx\/monterrey\/index.php\/wp-json\/wp\/v2\/product_brand?post=4588"},{"taxonomy":"product_cat","embeddable":true,"href":"https:\/\/www.masflores.com.mx\/monterrey\/index.php\/wp-json\/wp\/v2\/product_cat?post=4588"},{"taxonomy":"product_tag","embeddable":true,"href":"https:\/\/www.masflores.com.mx\/monterrey\/index.php\/wp-json\/wp\/v2\/product_tag?post=4588"}],"curies":[{"name":"wp","href":"https:\/\/api.w.org\/{rel}","templated":true}]}}