{"id":457,"date":"2022-11-02T22:39:51","date_gmt":"2022-11-03T04:39:51","guid":{"rendered":"https:\/\/masflores.com.mx\/monterrey\/?post_type=product&#038;p=457"},"modified":"2026-02-18T14:24:35","modified_gmt":"2026-02-18T20:24:35","slug":"globo-18p-caja-con-12-rosas","status":"publish","type":"product","link":"https:\/\/www.masflores.com.mx\/monterrey\/index.php\/producto\/globo-18p-caja-con-12-rosas\/","title":{"rendered":"Globo 18p Caja con 12 Rosas"},"content":{"rendered":"<p>Globo Burbuja Transparente de 18 pulgadas inflado con aire, decorado interior en caja con 12 rosas rojas y astroemerias.<\/p>\n<p><strong>Perzonaliza: Puede llevar una frase o mensaje as\u00ed como tambi\u00e9n en su interior puede sustituirse los globos por papelitos o pintura en colores surtidos o de tu elecci\u00f3n; tambi\u00e9n puede indicarnos el color de la rosa de su preferencia!!! <\/strong><\/p>\n<p><strong>Durante tu proceso de compra ver\u00e1s un cuadro de texto donde podr\u00e1s incluir un mensaje para tarjeta as\u00ed como detallarnos instrucciones y selecciones de color.<\/strong><\/p>\n<p>Si tienes dudas cont\u00e1ctanos por medio de nuestro Chat en l\u00ednea!!!<\/p>\n","protected":false},"excerpt":{"rendered":"<p>Globo Burbuja Transparente de 18 pulgadas inflado con aire, decorado interior en caja con 12 rosas rojas y astroemerias. Perzonaliza: Puede llevar una frase o mensaje as\u00ed como tambi\u00e9n en su interior puede sustituirse los globos por papelitos o pintura en colores surtidos o de tu elecci\u00f3n; tambi\u00e9n puede indicarnos el color de la rosa [&hellip;]<\/p>\n","protected":false},"featured_media":458,"template":"","meta":[],"product_brand":[],"product_cat":[41,29,72],"product_tag":[71,70,69],"class_list":{"0":"post-457","1":"product","2":"type-product","3":"status-publish","4":"has-post-thumbnail","6":"product_cat-cajas-novedades","7":"product_cat-globos-personalizados","8":"product_cat-mama-10-mayo","9":"product_tag-10-de-mayo","10":"product_tag-dia-de-las-madres","11":"product_tag-mama","13":"first","14":"instock","15":"taxable","16":"shipping-taxable","17":"purchasable","18":"product-type-simple"},"jetpack_sharing_enabled":true,"_links":{"self":[{"href":"https:\/\/www.masflores.com.mx\/monterrey\/index.php\/wp-json\/wp\/v2\/product\/457","targetHints":{"allow":["GET"]}}],"collection":[{"href":"https:\/\/www.masflores.com.mx\/monterrey\/index.php\/wp-json\/wp\/v2\/product"}],"about":[{"href":"https:\/\/www.masflores.com.mx\/monterrey\/index.php\/wp-json\/wp\/v2\/types\/product"}],"wp:featuredmedia":[{"embeddable":true,"href":"https:\/\/www.masflores.com.mx\/monterrey\/index.php\/wp-json\/wp\/v2\/media\/458"}],"wp:attachment":[{"href":"https:\/\/www.masflores.com.mx\/monterrey\/index.php\/wp-json\/wp\/v2\/media?parent=457"}],"wp:term":[{"taxonomy":"product_brand","embeddable":true,"href":"https:\/\/www.masflores.com.mx\/monterrey\/index.php\/wp-json\/wp\/v2\/product_brand?post=457"},{"taxonomy":"product_cat","embeddable":true,"href":"https:\/\/www.masflores.com.mx\/monterrey\/index.php\/wp-json\/wp\/v2\/product_cat?post=457"},{"taxonomy":"product_tag","embeddable":true,"href":"https:\/\/www.masflores.com.mx\/monterrey\/index.php\/wp-json\/wp\/v2\/product_tag?post=457"}],"curies":[{"name":"wp","href":"https:\/\/api.w.org\/{rel}","templated":true}]}}