{"id":451,"date":"2022-11-02T21:51:47","date_gmt":"2022-11-03T03:51:47","guid":{"rendered":"https:\/\/masflores.com.mx\/monterrey\/?post_type=product&#038;p=451"},"modified":"2026-02-18T18:54:01","modified_gmt":"2026-02-19T00:54:01","slug":"50-rosas-en-caja-redonda","status":"publish","type":"product","link":"https:\/\/www.masflores.com.mx\/monterrey\/index.php\/producto\/50-rosas-en-caja-redonda\/","title":{"rendered":"50 Rosas en Caja Redonda A"},"content":{"rendered":"<p>Alegre arreglo floral con 50 rosas en colores rosa, lavanda y mel\u00f3n ensamblado en caja negra.<\/p>\n<p><strong>Perzonaliza: Puede indicarnos el color de la rosa de su preferencia, su arreglo puede llevar hasta 3 colores diferentes!!! <\/strong><\/p>\n<p><strong>Durante su proceso de compra ver\u00e1 un cuadro de texto donde podr\u00e1 incluir un mensaje para tarjeta as\u00ed como detallarnos instrucciones y selecciones de color.<\/strong><\/p>\n<p>Si tienes dudas cont\u00e1ctanos por medio de nuestro Chat en l\u00ednea!!!<\/p>\n","protected":false},"excerpt":{"rendered":"<p>Alegre arreglo floral con 50 rosas en colores rosa, lavanda y mel\u00f3n ensamblado en caja negra. Perzonaliza: Puede indicarnos el color de la rosa de su preferencia, su arreglo puede llevar hasta 3 colores diferentes!!! Durante su proceso de compra ver\u00e1 un cuadro de texto donde podr\u00e1 incluir un mensaje para tarjeta as\u00ed como detallarnos [&hellip;]<\/p>\n","protected":false},"featured_media":452,"template":"","meta":[],"product_brand":[],"product_cat":[36,41],"product_tag":[71,70,69],"class_list":{"0":"post-451","1":"product","2":"type-product","3":"status-publish","4":"has-post-thumbnail","6":"product_cat-alegres-festivos","7":"product_cat-cajas-novedades","8":"product_tag-10-de-mayo","9":"product_tag-dia-de-las-madres","10":"product_tag-mama","12":"first","13":"instock","14":"taxable","15":"shipping-taxable","16":"purchasable","17":"product-type-simple"},"jetpack_sharing_enabled":true,"_links":{"self":[{"href":"https:\/\/www.masflores.com.mx\/monterrey\/index.php\/wp-json\/wp\/v2\/product\/451","targetHints":{"allow":["GET"]}}],"collection":[{"href":"https:\/\/www.masflores.com.mx\/monterrey\/index.php\/wp-json\/wp\/v2\/product"}],"about":[{"href":"https:\/\/www.masflores.com.mx\/monterrey\/index.php\/wp-json\/wp\/v2\/types\/product"}],"wp:featuredmedia":[{"embeddable":true,"href":"https:\/\/www.masflores.com.mx\/monterrey\/index.php\/wp-json\/wp\/v2\/media\/452"}],"wp:attachment":[{"href":"https:\/\/www.masflores.com.mx\/monterrey\/index.php\/wp-json\/wp\/v2\/media?parent=451"}],"wp:term":[{"taxonomy":"product_brand","embeddable":true,"href":"https:\/\/www.masflores.com.mx\/monterrey\/index.php\/wp-json\/wp\/v2\/product_brand?post=451"},{"taxonomy":"product_cat","embeddable":true,"href":"https:\/\/www.masflores.com.mx\/monterrey\/index.php\/wp-json\/wp\/v2\/product_cat?post=451"},{"taxonomy":"product_tag","embeddable":true,"href":"https:\/\/www.masflores.com.mx\/monterrey\/index.php\/wp-json\/wp\/v2\/product_tag?post=451"}],"curies":[{"name":"wp","href":"https:\/\/api.w.org\/{rel}","templated":true}]}}