{"id":445,"date":"2022-11-02T21:35:30","date_gmt":"2022-11-03T03:35:30","guid":{"rendered":"https:\/\/masflores.com.mx\/monterrey\/?post_type=product&#038;p=445"},"modified":"2026-02-08T18:53:06","modified_gmt":"2026-02-09T00:53:06","slug":"50-rosas-lavanda","status":"publish","type":"product","link":"https:\/\/www.masflores.com.mx\/monterrey\/index.php\/producto\/50-rosas-lavanda\/","title":{"rendered":"50 Rosas Lavanda"},"content":{"rendered":"<p>\u00a1Tierno! En rosa o lavanda. Jarr\u00f3n de cristal con 50 rosas list\u00f3n y finos follajes. Puede ensamblarse en hasta 3 colores<\/p>\n<p>Si te gustar\u00eda agregar un globo o chocolates visita la secci\u00f3n de globos y chocolates. No olvides agregar un mensaje al final de tu pedido.<\/p>\n","protected":false},"excerpt":{"rendered":"<p>\u00a1Tierno! En rosa o lavanda. Jarr\u00f3n de cristal con 50 rosas list\u00f3n y finos follajes. Puede ensamblarse en hasta 3 colores Si te gustar\u00eda agregar un globo o chocolates visita la secci\u00f3n de globos y chocolates. No olvides agregar un mensaje al final de tu pedido.<\/p>\n","protected":false},"featured_media":446,"template":"","meta":[],"product_brand":[],"product_cat":[34],"product_tag":[],"class_list":{"0":"post-445","1":"product","2":"type-product","3":"status-publish","4":"has-post-thumbnail","6":"product_cat-arreglos-rosas","8":"first","9":"outofstock","10":"taxable","11":"shipping-taxable","12":"purchasable","13":"product-type-simple"},"jetpack_sharing_enabled":true,"_links":{"self":[{"href":"https:\/\/www.masflores.com.mx\/monterrey\/index.php\/wp-json\/wp\/v2\/product\/445","targetHints":{"allow":["GET"]}}],"collection":[{"href":"https:\/\/www.masflores.com.mx\/monterrey\/index.php\/wp-json\/wp\/v2\/product"}],"about":[{"href":"https:\/\/www.masflores.com.mx\/monterrey\/index.php\/wp-json\/wp\/v2\/types\/product"}],"wp:featuredmedia":[{"embeddable":true,"href":"https:\/\/www.masflores.com.mx\/monterrey\/index.php\/wp-json\/wp\/v2\/media\/446"}],"wp:attachment":[{"href":"https:\/\/www.masflores.com.mx\/monterrey\/index.php\/wp-json\/wp\/v2\/media?parent=445"}],"wp:term":[{"taxonomy":"product_brand","embeddable":true,"href":"https:\/\/www.masflores.com.mx\/monterrey\/index.php\/wp-json\/wp\/v2\/product_brand?post=445"},{"taxonomy":"product_cat","embeddable":true,"href":"https:\/\/www.masflores.com.mx\/monterrey\/index.php\/wp-json\/wp\/v2\/product_cat?post=445"},{"taxonomy":"product_tag","embeddable":true,"href":"https:\/\/www.masflores.com.mx\/monterrey\/index.php\/wp-json\/wp\/v2\/product_tag?post=445"}],"curies":[{"name":"wp","href":"https:\/\/api.w.org\/{rel}","templated":true}]}}