{"id":443,"date":"2022-11-02T21:32:51","date_gmt":"2022-11-03T03:32:51","guid":{"rendered":"https:\/\/masflores.com.mx\/monterrey\/?post_type=product&#038;p=443"},"modified":"2026-02-08T18:53:06","modified_gmt":"2026-02-09T00:53:06","slug":"36-rosas-verano-naranja","status":"publish","type":"product","link":"https:\/\/www.masflores.com.mx\/monterrey\/index.php\/producto\/36-rosas-verano-naranja\/","title":{"rendered":"36 Rosas Verano Naranja"},"content":{"rendered":"<p>36 <strong>rosas naranja<\/strong> en jarr\u00f3n. \u00a1Espectacular! Si desea agregar un globo o chocolates, visite nuestra secci\u00f3n de extras. No olvide agregar un mensaje al terminar su pago.<\/p>\n<p><strong>Tips<\/strong><br \/>\nPara poder disfrutar tus <strong>flores<\/strong> el mayor tiempo posible te sugerimos que cada tercer d\u00eda retires petalos y hojas da\u00f1adas, as\u00ed como realizar un corte de 1cm de cada tallo reemplazando el agua al mismo tiempo.<\/p>\n","protected":false},"excerpt":{"rendered":"<p>36 rosas naranja en jarr\u00f3n. \u00a1Espectacular! Si desea agregar un globo o chocolates, visite nuestra secci\u00f3n de extras. No olvide agregar un mensaje al terminar su pago. Tips Para poder disfrutar tus flores el mayor tiempo posible te sugerimos que cada tercer d\u00eda retires petalos y hojas da\u00f1adas, as\u00ed como realizar un corte de 1cm [&hellip;]<\/p>\n","protected":false},"featured_media":444,"template":"","meta":[],"product_brand":[],"product_cat":[34],"product_tag":[],"class_list":{"0":"post-443","1":"product","2":"type-product","3":"status-publish","4":"has-post-thumbnail","6":"product_cat-arreglos-rosas","8":"first","9":"outofstock","10":"taxable","11":"shipping-taxable","12":"purchasable","13":"product-type-simple"},"jetpack_sharing_enabled":true,"_links":{"self":[{"href":"https:\/\/www.masflores.com.mx\/monterrey\/index.php\/wp-json\/wp\/v2\/product\/443","targetHints":{"allow":["GET"]}}],"collection":[{"href":"https:\/\/www.masflores.com.mx\/monterrey\/index.php\/wp-json\/wp\/v2\/product"}],"about":[{"href":"https:\/\/www.masflores.com.mx\/monterrey\/index.php\/wp-json\/wp\/v2\/types\/product"}],"wp:featuredmedia":[{"embeddable":true,"href":"https:\/\/www.masflores.com.mx\/monterrey\/index.php\/wp-json\/wp\/v2\/media\/444"}],"wp:attachment":[{"href":"https:\/\/www.masflores.com.mx\/monterrey\/index.php\/wp-json\/wp\/v2\/media?parent=443"}],"wp:term":[{"taxonomy":"product_brand","embeddable":true,"href":"https:\/\/www.masflores.com.mx\/monterrey\/index.php\/wp-json\/wp\/v2\/product_brand?post=443"},{"taxonomy":"product_cat","embeddable":true,"href":"https:\/\/www.masflores.com.mx\/monterrey\/index.php\/wp-json\/wp\/v2\/product_cat?post=443"},{"taxonomy":"product_tag","embeddable":true,"href":"https:\/\/www.masflores.com.mx\/monterrey\/index.php\/wp-json\/wp\/v2\/product_tag?post=443"}],"curies":[{"name":"wp","href":"https:\/\/api.w.org\/{rel}","templated":true}]}}