{"id":435,"date":"2022-11-02T21:17:18","date_gmt":"2022-11-03T03:17:18","guid":{"rendered":"https:\/\/masflores.com.mx\/monterrey\/?post_type=product&#038;p=435"},"modified":"2026-02-18T18:41:05","modified_gmt":"2026-02-19T00:41:05","slug":"24-rosas-premium-b","status":"publish","type":"product","link":"https:\/\/www.masflores.com.mx\/monterrey\/index.php\/producto\/24-rosas-premium-b\/","title":{"rendered":".24 Rosas Premium B"},"content":{"rendered":"<p>Dos docenas de <strong>rosas<\/strong> rojas arregladas por nuestras floristas en un hermoso florero. Le a\u00f1adimos un lindo mo\u00f1o de organza. No olvide visitar nuestra secci\u00f3n de EXTRAS.<\/p>\n<p><strong>Tips<\/strong><br \/>\nPara poder disfrutar tus <strong>flores<\/strong> el mayor tiempo posible te sugerimos que cada tercer d\u00eda retires petalos y hojas da\u00f1adas, as\u00ed como realizar un corte de 1cm de cada tallo reemplazando el agua al mismo tiempo.<\/p>\n","protected":false},"excerpt":{"rendered":"<p>Dos docenas de <strong>rosas<\/strong> rojas arregladas por nuestras floristas en un hermoso florero.<\/p>\n","protected":false},"featured_media":436,"template":"","meta":[],"product_brand":[],"product_cat":[34],"product_tag":[],"class_list":{"0":"post-435","1":"product","2":"type-product","3":"status-publish","4":"has-post-thumbnail","6":"product_cat-arreglos-rosas","7":"pa_color-rosas-amarillo","8":"pa_color-rosas-fiusha","9":"pa_color-rosas-lavanda","10":"pa_color-rosas-rojo","12":"first","13":"instock","14":"taxable","15":"shipping-taxable","16":"purchasable","17":"product-type-simple"},"jetpack_sharing_enabled":true,"_links":{"self":[{"href":"https:\/\/www.masflores.com.mx\/monterrey\/index.php\/wp-json\/wp\/v2\/product\/435","targetHints":{"allow":["GET"]}}],"collection":[{"href":"https:\/\/www.masflores.com.mx\/monterrey\/index.php\/wp-json\/wp\/v2\/product"}],"about":[{"href":"https:\/\/www.masflores.com.mx\/monterrey\/index.php\/wp-json\/wp\/v2\/types\/product"}],"wp:featuredmedia":[{"embeddable":true,"href":"https:\/\/www.masflores.com.mx\/monterrey\/index.php\/wp-json\/wp\/v2\/media\/436"}],"wp:attachment":[{"href":"https:\/\/www.masflores.com.mx\/monterrey\/index.php\/wp-json\/wp\/v2\/media?parent=435"}],"wp:term":[{"taxonomy":"product_brand","embeddable":true,"href":"https:\/\/www.masflores.com.mx\/monterrey\/index.php\/wp-json\/wp\/v2\/product_brand?post=435"},{"taxonomy":"product_cat","embeddable":true,"href":"https:\/\/www.masflores.com.mx\/monterrey\/index.php\/wp-json\/wp\/v2\/product_cat?post=435"},{"taxonomy":"product_tag","embeddable":true,"href":"https:\/\/www.masflores.com.mx\/monterrey\/index.php\/wp-json\/wp\/v2\/product_tag?post=435"}],"curies":[{"name":"wp","href":"https:\/\/api.w.org\/{rel}","templated":true}]}}