{"id":427,"date":"2022-11-02T21:10:25","date_gmt":"2022-11-03T03:10:25","guid":{"rendered":"https:\/\/masflores.com.mx\/monterrey\/?post_type=product&#038;p=427"},"modified":"2025-01-29T16:27:28","modified_gmt":"2025-01-29T22:27:28","slug":"24-rosas-arcoiris","status":"publish","type":"product","link":"https:\/\/www.masflores.com.mx\/monterrey\/index.php\/producto\/24-rosas-arcoiris\/","title":{"rendered":"24 Rosas Arcoiris"},"content":{"rendered":"<p>24 rosas arcoiris en base de vidrio. Si te gustar\u00eda agregar un globo o chocolates visita la secci\u00f3n de extras.<\/p>\n<p><strong>Se maneja sobre pedido, debe solicitarse con 2 d\u00edas de anticipaci\u00f3n para asegurar existencia<\/strong><\/p>\n","protected":false},"excerpt":{"rendered":"<p>24 rosas arcoiris en base de vidrio. Si te gustar\u00eda agregar un globo o chocolates visita la secci\u00f3n de extras. Se maneja sobre pedido, debe solicitarse con 2 d\u00edas de anticipaci\u00f3n para asegurar existencia<\/p>\n","protected":false},"featured_media":428,"template":"","meta":[],"product_brand":[],"product_cat":[36],"product_tag":[],"class_list":{"0":"post-427","1":"product","2":"type-product","3":"status-publish","4":"has-post-thumbnail","6":"product_cat-alegres-festivos","8":"first","9":"outofstock","10":"taxable","11":"shipping-taxable","12":"purchasable","13":"product-type-simple"},"jetpack_sharing_enabled":true,"_links":{"self":[{"href":"https:\/\/www.masflores.com.mx\/monterrey\/index.php\/wp-json\/wp\/v2\/product\/427","targetHints":{"allow":["GET"]}}],"collection":[{"href":"https:\/\/www.masflores.com.mx\/monterrey\/index.php\/wp-json\/wp\/v2\/product"}],"about":[{"href":"https:\/\/www.masflores.com.mx\/monterrey\/index.php\/wp-json\/wp\/v2\/types\/product"}],"wp:featuredmedia":[{"embeddable":true,"href":"https:\/\/www.masflores.com.mx\/monterrey\/index.php\/wp-json\/wp\/v2\/media\/428"}],"wp:attachment":[{"href":"https:\/\/www.masflores.com.mx\/monterrey\/index.php\/wp-json\/wp\/v2\/media?parent=427"}],"wp:term":[{"taxonomy":"product_brand","embeddable":true,"href":"https:\/\/www.masflores.com.mx\/monterrey\/index.php\/wp-json\/wp\/v2\/product_brand?post=427"},{"taxonomy":"product_cat","embeddable":true,"href":"https:\/\/www.masflores.com.mx\/monterrey\/index.php\/wp-json\/wp\/v2\/product_cat?post=427"},{"taxonomy":"product_tag","embeddable":true,"href":"https:\/\/www.masflores.com.mx\/monterrey\/index.php\/wp-json\/wp\/v2\/product_tag?post=427"}],"curies":[{"name":"wp","href":"https:\/\/api.w.org\/{rel}","templated":true}]}}