{"id":421,"date":"2022-11-02T20:58:57","date_gmt":"2022-11-03T02:58:57","guid":{"rendered":"https:\/\/masflores.com.mx\/monterrey\/?post_type=product&#038;p=421"},"modified":"2026-02-18T18:41:05","modified_gmt":"2026-02-19T00:41:05","slug":"24-rosas-hermosas","status":"publish","type":"product","link":"https:\/\/www.masflores.com.mx\/monterrey\/index.php\/producto\/24-rosas-hermosas\/","title":{"rendered":"24 Rosas Hermosas"},"content":{"rendered":"<p>24 rosas rosa de variead &#8220;Hermosa&#8221; en base de vidrio.<\/p>\n<p>Si te gustar\u00eda a\u00f1adir un globo o chocolates visita la secci\u00f3n de extras.<\/p>\n","protected":false},"excerpt":{"rendered":"<p>24 rosas rosa de variead &#8220;Hermosa&#8221; en base de vidrio. Si te gustar\u00eda a\u00f1adir un globo o chocolates visita la secci\u00f3n de extras.<\/p>\n","protected":false},"featured_media":422,"template":"","meta":[],"product_brand":[],"product_cat":[34],"product_tag":[],"class_list":{"0":"post-421","1":"product","2":"type-product","3":"status-publish","4":"has-post-thumbnail","6":"product_cat-arreglos-rosas","8":"first","9":"instock","10":"taxable","11":"shipping-taxable","12":"purchasable","13":"product-type-simple"},"jetpack_sharing_enabled":true,"_links":{"self":[{"href":"https:\/\/www.masflores.com.mx\/monterrey\/index.php\/wp-json\/wp\/v2\/product\/421","targetHints":{"allow":["GET"]}}],"collection":[{"href":"https:\/\/www.masflores.com.mx\/monterrey\/index.php\/wp-json\/wp\/v2\/product"}],"about":[{"href":"https:\/\/www.masflores.com.mx\/monterrey\/index.php\/wp-json\/wp\/v2\/types\/product"}],"wp:featuredmedia":[{"embeddable":true,"href":"https:\/\/www.masflores.com.mx\/monterrey\/index.php\/wp-json\/wp\/v2\/media\/422"}],"wp:attachment":[{"href":"https:\/\/www.masflores.com.mx\/monterrey\/index.php\/wp-json\/wp\/v2\/media?parent=421"}],"wp:term":[{"taxonomy":"product_brand","embeddable":true,"href":"https:\/\/www.masflores.com.mx\/monterrey\/index.php\/wp-json\/wp\/v2\/product_brand?post=421"},{"taxonomy":"product_cat","embeddable":true,"href":"https:\/\/www.masflores.com.mx\/monterrey\/index.php\/wp-json\/wp\/v2\/product_cat?post=421"},{"taxonomy":"product_tag","embeddable":true,"href":"https:\/\/www.masflores.com.mx\/monterrey\/index.php\/wp-json\/wp\/v2\/product_tag?post=421"}],"curies":[{"name":"wp","href":"https:\/\/api.w.org\/{rel}","templated":true}]}}