{"id":416,"date":"2022-11-02T20:25:49","date_gmt":"2022-11-03T02:25:49","guid":{"rendered":"https:\/\/masflores.com.mx\/monterrey\/?post_type=product&#038;p=416"},"modified":"2024-09-15T08:48:41","modified_gmt":"2024-09-15T14:48:41","slug":"caja-con-skyy-botana-y-rosas","status":"publish","type":"product","link":"https:\/\/www.masflores.com.mx\/monterrey\/index.php\/producto\/caja-con-skyy-botana-y-rosas\/","title":{"rendered":"Caja con Skyy, Botana y Rosas"},"content":{"rendered":"<p>Para toda ocasi\u00f3n. Caja con 4 SKYY, 4 botanas surtidas, 1 tarro cervecero (personalizable con vinil), 1 girasol y 12 rosas rojas .<\/p>\n<p><strong>Recomendamos solicitarlo con un d\u00eda de anticipaci\u00f3n para programar entrega d\u00eda siguiente a partir de 11am.<\/strong><\/p>\n","protected":false},"excerpt":{"rendered":"<p>Para toda ocasi\u00f3n. Caja con 4 SKYY, 4 botanas surtidas, 1 tarro cervecero (personalizable con vinil), 1 girasol y 12 rosas rojas . Recomendamos solicitarlo con un d\u00eda de anticipaci\u00f3n para programar entrega d\u00eda siguiente a partir de 11am.<\/p>\n","protected":false},"featured_media":417,"template":"","meta":[],"product_brand":[],"product_cat":[41],"product_tag":[],"class_list":{"0":"post-416","1":"product","2":"type-product","3":"status-publish","4":"has-post-thumbnail","6":"product_cat-cajas-novedades","8":"first","9":"outofstock","10":"taxable","11":"shipping-taxable","12":"purchasable","13":"product-type-simple"},"jetpack_sharing_enabled":true,"_links":{"self":[{"href":"https:\/\/www.masflores.com.mx\/monterrey\/index.php\/wp-json\/wp\/v2\/product\/416","targetHints":{"allow":["GET"]}}],"collection":[{"href":"https:\/\/www.masflores.com.mx\/monterrey\/index.php\/wp-json\/wp\/v2\/product"}],"about":[{"href":"https:\/\/www.masflores.com.mx\/monterrey\/index.php\/wp-json\/wp\/v2\/types\/product"}],"wp:featuredmedia":[{"embeddable":true,"href":"https:\/\/www.masflores.com.mx\/monterrey\/index.php\/wp-json\/wp\/v2\/media\/417"}],"wp:attachment":[{"href":"https:\/\/www.masflores.com.mx\/monterrey\/index.php\/wp-json\/wp\/v2\/media?parent=416"}],"wp:term":[{"taxonomy":"product_brand","embeddable":true,"href":"https:\/\/www.masflores.com.mx\/monterrey\/index.php\/wp-json\/wp\/v2\/product_brand?post=416"},{"taxonomy":"product_cat","embeddable":true,"href":"https:\/\/www.masflores.com.mx\/monterrey\/index.php\/wp-json\/wp\/v2\/product_cat?post=416"},{"taxonomy":"product_tag","embeddable":true,"href":"https:\/\/www.masflores.com.mx\/monterrey\/index.php\/wp-json\/wp\/v2\/product_tag?post=416"}],"curies":[{"name":"wp","href":"https:\/\/api.w.org\/{rel}","templated":true}]}}