{"id":4103,"date":"2024-11-21T16:50:42","date_gmt":"2024-11-21T22:50:42","guid":{"rendered":"https:\/\/www.masflores.com.mx\/monterrey\/?post_type=product&#038;p=4103"},"modified":"2026-02-18T18:14:44","modified_gmt":"2026-02-19T00:14:44","slug":"02a-ramo-24-rosas-baby","status":"publish","type":"product","link":"https:\/\/www.masflores.com.mx\/monterrey\/index.php\/producto\/02a-ramo-24-rosas-baby\/","title":{"rendered":"02A Ramo 24 Rosas &#8211; Baby Breath"},"content":{"rendered":"<p><strong>Ramo Tradicional de 24 rosas baby breath, rosas rojas<\/strong> y hermoso mo\u00f1o de organza.<\/p>\n<p>Env\u00edo a domicilio en Monterrey y \u00e1rea metropolitana, servicio mismo d\u00eda disponible. Si te gustar\u00eda agregar un globo o chocolates visita la seccion de extras.<\/p>\n","protected":false},"excerpt":{"rendered":"<p><strong>Ramo Tradicional de 24 rosas baby breath, rosas rojas<\/strong> y hermoso mo\u00f1o de organza.<\/p>\n","protected":false},"featured_media":4111,"template":"","meta":[],"product_brand":[],"product_cat":[24,72,43],"product_tag":[91,46,66,47,45],"class_list":{"0":"post-4103","1":"product","2":"type-product","3":"status-publish","4":"has-post-thumbnail","6":"product_cat-ramos-bouquets","7":"product_cat-mama-10-mayo","8":"product_cat-san-valentin","9":"product_tag-14-de-febrero","10":"product_tag-amor-y-amistad","11":"product_tag-aniversario","12":"product_tag-romantico","13":"product_tag-san-valentin","14":"pa_color-rosas-amarillo","15":"pa_color-rosas-blanco","16":"pa_color-rosas-fiusha","17":"pa_color-rosas-lavanda","18":"pa_color-rosas-naranja","19":"pa_color-rosas-rojo","20":"pa_color-rosas-rosa","22":"first","23":"instock","24":"taxable","25":"shipping-taxable","26":"purchasable","27":"product-type-simple"},"jetpack_sharing_enabled":true,"_links":{"self":[{"href":"https:\/\/www.masflores.com.mx\/monterrey\/index.php\/wp-json\/wp\/v2\/product\/4103","targetHints":{"allow":["GET"]}}],"collection":[{"href":"https:\/\/www.masflores.com.mx\/monterrey\/index.php\/wp-json\/wp\/v2\/product"}],"about":[{"href":"https:\/\/www.masflores.com.mx\/monterrey\/index.php\/wp-json\/wp\/v2\/types\/product"}],"wp:featuredmedia":[{"embeddable":true,"href":"https:\/\/www.masflores.com.mx\/monterrey\/index.php\/wp-json\/wp\/v2\/media\/4111"}],"wp:attachment":[{"href":"https:\/\/www.masflores.com.mx\/monterrey\/index.php\/wp-json\/wp\/v2\/media?parent=4103"}],"wp:term":[{"taxonomy":"product_brand","embeddable":true,"href":"https:\/\/www.masflores.com.mx\/monterrey\/index.php\/wp-json\/wp\/v2\/product_brand?post=4103"},{"taxonomy":"product_cat","embeddable":true,"href":"https:\/\/www.masflores.com.mx\/monterrey\/index.php\/wp-json\/wp\/v2\/product_cat?post=4103"},{"taxonomy":"product_tag","embeddable":true,"href":"https:\/\/www.masflores.com.mx\/monterrey\/index.php\/wp-json\/wp\/v2\/product_tag?post=4103"}],"curies":[{"name":"wp","href":"https:\/\/api.w.org\/{rel}","templated":true}]}}