{"id":401,"date":"2022-11-01T22:04:53","date_gmt":"2022-11-02T04:04:53","guid":{"rendered":"https:\/\/masflores.com.mx\/monterrey\/?post_type=product&#038;p=401"},"modified":"2024-02-06T13:03:13","modified_gmt":"2024-02-06T19:03:13","slug":"rosas-acompanadas-01-mini-rosa","status":"publish","type":"product","link":"https:\/\/www.masflores.com.mx\/monterrey\/index.php\/producto\/rosas-acompanadas-01-mini-rosa\/","title":{"rendered":"Rosas Acompa\u00f1adas 01 (Mini Rosa)"},"content":{"rendered":"<p>Bolsa de yute con botella de vino tinto adornada con detalle floral en Mini Rosa Roja y follajes. Si te gustar\u00eda a\u00f1adir un globo o chocolates visita la secci\u00f3n de extras.<\/p>\n","protected":false},"excerpt":{"rendered":"<p>Bolsa de yute con botella de vino tinto adornada con detalle floral en Mini Rosa Roja y follajes. Si te gustar\u00eda a\u00f1adir un globo o chocolates visita la secci\u00f3n de extras.<\/p>\n","protected":false},"featured_media":402,"template":"","meta":[],"product_brand":[],"product_cat":[41],"product_tag":[],"class_list":{"0":"post-401","1":"product","2":"type-product","3":"status-publish","4":"has-post-thumbnail","6":"product_cat-cajas-novedades","8":"first","9":"outofstock","10":"taxable","11":"shipping-taxable","12":"purchasable","13":"product-type-simple"},"jetpack_sharing_enabled":true,"_links":{"self":[{"href":"https:\/\/www.masflores.com.mx\/monterrey\/index.php\/wp-json\/wp\/v2\/product\/401","targetHints":{"allow":["GET"]}}],"collection":[{"href":"https:\/\/www.masflores.com.mx\/monterrey\/index.php\/wp-json\/wp\/v2\/product"}],"about":[{"href":"https:\/\/www.masflores.com.mx\/monterrey\/index.php\/wp-json\/wp\/v2\/types\/product"}],"wp:featuredmedia":[{"embeddable":true,"href":"https:\/\/www.masflores.com.mx\/monterrey\/index.php\/wp-json\/wp\/v2\/media\/402"}],"wp:attachment":[{"href":"https:\/\/www.masflores.com.mx\/monterrey\/index.php\/wp-json\/wp\/v2\/media?parent=401"}],"wp:term":[{"taxonomy":"product_brand","embeddable":true,"href":"https:\/\/www.masflores.com.mx\/monterrey\/index.php\/wp-json\/wp\/v2\/product_brand?post=401"},{"taxonomy":"product_cat","embeddable":true,"href":"https:\/\/www.masflores.com.mx\/monterrey\/index.php\/wp-json\/wp\/v2\/product_cat?post=401"},{"taxonomy":"product_tag","embeddable":true,"href":"https:\/\/www.masflores.com.mx\/monterrey\/index.php\/wp-json\/wp\/v2\/product_tag?post=401"}],"curies":[{"name":"wp","href":"https:\/\/api.w.org\/{rel}","templated":true}]}}