{"id":395,"date":"2022-11-01T21:49:56","date_gmt":"2022-11-02T03:49:56","guid":{"rendered":"https:\/\/masflores.com.mx\/monterrey\/?post_type=product&#038;p=395"},"modified":"2026-02-05T17:15:31","modified_gmt":"2026-02-05T23:15:31","slug":"ramo-20-tulipanes-naranja-amarillo-en-celofan-premium","status":"publish","type":"product","link":"https:\/\/www.masflores.com.mx\/monterrey\/index.php\/producto\/ramo-20-tulipanes-naranja-amarillo-en-celofan-premium\/","title":{"rendered":"Ramo 20 Tulipanes Naranja Amarillo en Celof\u00e1n Premium"},"content":{"rendered":"<p>Ramo de 20 tulipanes naranja y amarillo en celof\u00e1n premium.<br \/>\nPodemos personalzar su ramo, cons\u00faltenos sobre colores de tulip\u00e1n y\/o papel disponibles.<br \/>\nSi te gustar\u00eda agregar un globo o chocolates visita la seccion de extras.<\/p>\n","protected":false},"excerpt":{"rendered":"<p>Ramo de 20 tulipanes naranja y amarillo en celof\u00e1n premium. Podemos personalzar su ramo, cons\u00faltenos sobre colores de tulip\u00e1n y\/o papel disponibles. Si te gustar\u00eda agregar un globo o chocolates visita la seccion de extras.<\/p>\n","protected":false},"featured_media":396,"template":"","meta":[],"product_brand":[],"product_cat":[35,24],"product_tag":[],"class_list":{"0":"post-395","1":"product","2":"type-product","3":"status-publish","4":"has-post-thumbnail","6":"product_cat-tulipanes","7":"product_cat-ramos-bouquets","9":"first","10":"outofstock","11":"taxable","12":"shipping-taxable","13":"purchasable","14":"product-type-simple"},"jetpack_sharing_enabled":true,"_links":{"self":[{"href":"https:\/\/www.masflores.com.mx\/monterrey\/index.php\/wp-json\/wp\/v2\/product\/395","targetHints":{"allow":["GET"]}}],"collection":[{"href":"https:\/\/www.masflores.com.mx\/monterrey\/index.php\/wp-json\/wp\/v2\/product"}],"about":[{"href":"https:\/\/www.masflores.com.mx\/monterrey\/index.php\/wp-json\/wp\/v2\/types\/product"}],"wp:featuredmedia":[{"embeddable":true,"href":"https:\/\/www.masflores.com.mx\/monterrey\/index.php\/wp-json\/wp\/v2\/media\/396"}],"wp:attachment":[{"href":"https:\/\/www.masflores.com.mx\/monterrey\/index.php\/wp-json\/wp\/v2\/media?parent=395"}],"wp:term":[{"taxonomy":"product_brand","embeddable":true,"href":"https:\/\/www.masflores.com.mx\/monterrey\/index.php\/wp-json\/wp\/v2\/product_brand?post=395"},{"taxonomy":"product_cat","embeddable":true,"href":"https:\/\/www.masflores.com.mx\/monterrey\/index.php\/wp-json\/wp\/v2\/product_cat?post=395"},{"taxonomy":"product_tag","embeddable":true,"href":"https:\/\/www.masflores.com.mx\/monterrey\/index.php\/wp-json\/wp\/v2\/product_tag?post=395"}],"curies":[{"name":"wp","href":"https:\/\/api.w.org\/{rel}","templated":true}]}}