{"id":377,"date":"2022-11-01T21:10:56","date_gmt":"2022-11-02T03:10:56","guid":{"rendered":"https:\/\/masflores.com.mx\/monterrey\/?post_type=product&#038;p=377"},"modified":"2026-02-18T19:06:45","modified_gmt":"2026-02-19T01:06:45","slug":"ramo-50-rosas-en-3-colores","status":"publish","type":"product","link":"https:\/\/www.masflores.com.mx\/monterrey\/index.php\/producto\/ramo-50-rosas-en-3-colores\/","title":{"rendered":"03C Ramo 50 Rosas en 3 colores"},"content":{"rendered":"<p>Ramo 50 Rosas en 3 colores\u00a0 rojo, rosa y lavanda\u00a0 con envoltura en papel y hermoso mo\u00f1o de organza.<\/p>\n<p>Si te gustar\u00eda agregar un globo o chocolates visita la seccion de extras.<\/p>\n<p>Somos una Florer\u00eda en Monterrey con env\u00edo de flores a domicilio en Monterrey y \u00e1rea metropolitana.<\/p>\n","protected":false},"excerpt":{"rendered":"<p>Ramo 50 Rosas en 3 colores\u00a0 rojo, rosa y lavanda\u00a0 con envoltura en papel y hermoso mo\u00f1o de organza.<\/p>\n","protected":false},"featured_media":4593,"template":"","meta":[],"product_brand":[],"product_cat":[24,43],"product_tag":[],"class_list":{"0":"post-377","1":"product","2":"type-product","3":"status-publish","4":"has-post-thumbnail","6":"product_cat-ramos-bouquets","7":"product_cat-san-valentin","9":"first","10":"instock","11":"taxable","12":"shipping-taxable","13":"purchasable","14":"product-type-simple"},"jetpack_sharing_enabled":true,"_links":{"self":[{"href":"https:\/\/www.masflores.com.mx\/monterrey\/index.php\/wp-json\/wp\/v2\/product\/377","targetHints":{"allow":["GET"]}}],"collection":[{"href":"https:\/\/www.masflores.com.mx\/monterrey\/index.php\/wp-json\/wp\/v2\/product"}],"about":[{"href":"https:\/\/www.masflores.com.mx\/monterrey\/index.php\/wp-json\/wp\/v2\/types\/product"}],"wp:featuredmedia":[{"embeddable":true,"href":"https:\/\/www.masflores.com.mx\/monterrey\/index.php\/wp-json\/wp\/v2\/media\/4593"}],"wp:attachment":[{"href":"https:\/\/www.masflores.com.mx\/monterrey\/index.php\/wp-json\/wp\/v2\/media?parent=377"}],"wp:term":[{"taxonomy":"product_brand","embeddable":true,"href":"https:\/\/www.masflores.com.mx\/monterrey\/index.php\/wp-json\/wp\/v2\/product_brand?post=377"},{"taxonomy":"product_cat","embeddable":true,"href":"https:\/\/www.masflores.com.mx\/monterrey\/index.php\/wp-json\/wp\/v2\/product_cat?post=377"},{"taxonomy":"product_tag","embeddable":true,"href":"https:\/\/www.masflores.com.mx\/monterrey\/index.php\/wp-json\/wp\/v2\/product_tag?post=377"}],"curies":[{"name":"wp","href":"https:\/\/api.w.org\/{rel}","templated":true}]}}