{"id":367,"date":"2022-11-01T20:50:24","date_gmt":"2022-11-02T02:50:24","guid":{"rendered":"https:\/\/masflores.com.mx\/monterrey\/?post_type=product&#038;p=367"},"modified":"2026-02-18T18:12:27","modified_gmt":"2026-02-19T00:12:27","slug":"ramo-12-rosas-paris","status":"publish","type":"product","link":"https:\/\/www.masflores.com.mx\/monterrey\/index.php\/producto\/ramo-12-rosas-paris\/","title":{"rendered":"01A Ramo 12 Rosas &#8211; Par\u00eds"},"content":{"rendered":"<p>Atado de 12 rosas de invernadero con un toque de follaje, se entrega envuelto en celof\u00e1n y con un mo\u00f1o de organza.<\/p>\n<p>Si te gustaria a\u00f1adir un globo o chocolates visita la secci\u00f3n de extras.<\/p>\n","protected":false},"excerpt":{"rendered":"<p>Atado de 12 rosas de invernadero con originales hojas de ma\u00edz franc\u00e9s alrededor, se entrega envuelto en celof\u00e1n y con un mo\u00f1o de organza.<\/p>\n","protected":false},"featured_media":4072,"template":"","meta":[],"product_brand":[],"product_cat":[24,43],"product_tag":[48,46,47,45],"class_list":{"0":"post-367","1":"product","2":"type-product","3":"status-publish","4":"has-post-thumbnail","6":"product_cat-ramos-bouquets","7":"product_cat-san-valentin","8":"product_tag-12-rosas","9":"product_tag-amor-y-amistad","10":"product_tag-romantico","11":"product_tag-san-valentin","12":"pa_color-rosas-amarillo","13":"pa_color-rosas-blanco","14":"pa_color-rosas-fiusha","15":"pa_color-rosas-lavanda","16":"pa_color-rosas-naranja","17":"pa_color-rosas-rojo","18":"pa_color-rosas-rosa","20":"first","21":"instock","22":"taxable","23":"shipping-taxable","24":"purchasable","25":"product-type-simple"},"jetpack_sharing_enabled":true,"_links":{"self":[{"href":"https:\/\/www.masflores.com.mx\/monterrey\/index.php\/wp-json\/wp\/v2\/product\/367","targetHints":{"allow":["GET"]}}],"collection":[{"href":"https:\/\/www.masflores.com.mx\/monterrey\/index.php\/wp-json\/wp\/v2\/product"}],"about":[{"href":"https:\/\/www.masflores.com.mx\/monterrey\/index.php\/wp-json\/wp\/v2\/types\/product"}],"wp:featuredmedia":[{"embeddable":true,"href":"https:\/\/www.masflores.com.mx\/monterrey\/index.php\/wp-json\/wp\/v2\/media\/4072"}],"wp:attachment":[{"href":"https:\/\/www.masflores.com.mx\/monterrey\/index.php\/wp-json\/wp\/v2\/media?parent=367"}],"wp:term":[{"taxonomy":"product_brand","embeddable":true,"href":"https:\/\/www.masflores.com.mx\/monterrey\/index.php\/wp-json\/wp\/v2\/product_brand?post=367"},{"taxonomy":"product_cat","embeddable":true,"href":"https:\/\/www.masflores.com.mx\/monterrey\/index.php\/wp-json\/wp\/v2\/product_cat?post=367"},{"taxonomy":"product_tag","embeddable":true,"href":"https:\/\/www.masflores.com.mx\/monterrey\/index.php\/wp-json\/wp\/v2\/product_tag?post=367"}],"curies":[{"name":"wp","href":"https:\/\/api.w.org\/{rel}","templated":true}]}}