{"id":361,"date":"2022-11-01T20:31:56","date_gmt":"2022-11-02T02:31:56","guid":{"rendered":"https:\/\/masflores.com.mx\/monterrey\/?post_type=product&#038;p=361"},"modified":"2026-02-18T19:03:10","modified_gmt":"2026-02-19T01:03:10","slug":"corazon-24-rosas-rojas","status":"publish","type":"product","link":"https:\/\/www.masflores.com.mx\/monterrey\/index.php\/producto\/corazon-24-rosas-rojas\/","title":{"rendered":"Coraz\u00f3n 24 Rosas Rojas"},"content":{"rendered":"<p>24 <strong>rosas<\/strong> en coraz\u00f3n de madera&#8230; \u00a1Dos regalos en uno! No olvides agregar un mensaje al terminar tu pago. Si te gustar\u00eda a\u00f1adir un globo o chocolates visita la secci\u00f3n de extras..<\/p>\n<p><strong>Tips<\/strong><br \/>\nTu arreglo requiere de muy poco cuidado, s\u00f3lo te recomendamos agregar un poco de agua cada tercer d\u00eda, y retirar cualquier p\u00e9talo da\u00f1ado de las <strong>flores<\/strong>. Procurando evitar mantenerlo bajo la luz directa del sol.<\/p>\n","protected":false},"excerpt":{"rendered":"<p>24 rosas en coraz\u00f3n de madera&#8230; \u00a1Dos regalos en uno! No olvides agregar un mensaje al terminar tu pago. Si te gustar\u00eda a\u00f1adir un globo o chocolates visita la secci\u00f3n de extras.. Tips Tu arreglo requiere de muy poco cuidado, s\u00f3lo te recomendamos agregar un poco de agua cada tercer d\u00eda, y retirar cualquier p\u00e9talo [&hellip;]<\/p>\n","protected":false},"featured_media":5843,"template":"","meta":[],"product_brand":[],"product_cat":[41,72,43],"product_tag":[71,70,69],"class_list":{"0":"post-361","1":"product","2":"type-product","3":"status-publish","4":"has-post-thumbnail","6":"product_cat-cajas-novedades","7":"product_cat-mama-10-mayo","8":"product_cat-san-valentin","9":"product_tag-10-de-mayo","10":"product_tag-dia-de-las-madres","11":"product_tag-mama","13":"first","14":"instock","15":"taxable","16":"shipping-taxable","17":"purchasable","18":"product-type-simple"},"jetpack_sharing_enabled":true,"_links":{"self":[{"href":"https:\/\/www.masflores.com.mx\/monterrey\/index.php\/wp-json\/wp\/v2\/product\/361","targetHints":{"allow":["GET"]}}],"collection":[{"href":"https:\/\/www.masflores.com.mx\/monterrey\/index.php\/wp-json\/wp\/v2\/product"}],"about":[{"href":"https:\/\/www.masflores.com.mx\/monterrey\/index.php\/wp-json\/wp\/v2\/types\/product"}],"wp:featuredmedia":[{"embeddable":true,"href":"https:\/\/www.masflores.com.mx\/monterrey\/index.php\/wp-json\/wp\/v2\/media\/5843"}],"wp:attachment":[{"href":"https:\/\/www.masflores.com.mx\/monterrey\/index.php\/wp-json\/wp\/v2\/media?parent=361"}],"wp:term":[{"taxonomy":"product_brand","embeddable":true,"href":"https:\/\/www.masflores.com.mx\/monterrey\/index.php\/wp-json\/wp\/v2\/product_brand?post=361"},{"taxonomy":"product_cat","embeddable":true,"href":"https:\/\/www.masflores.com.mx\/monterrey\/index.php\/wp-json\/wp\/v2\/product_cat?post=361"},{"taxonomy":"product_tag","embeddable":true,"href":"https:\/\/www.masflores.com.mx\/monterrey\/index.php\/wp-json\/wp\/v2\/product_tag?post=361"}],"curies":[{"name":"wp","href":"https:\/\/api.w.org\/{rel}","templated":true}]}}