{"id":359,"date":"2022-11-01T20:29:39","date_gmt":"2022-11-02T02:29:39","guid":{"rendered":"https:\/\/masflores.com.mx\/monterrey\/?post_type=product&#038;p=359"},"modified":"2026-03-26T12:50:20","modified_gmt":"2026-03-26T18:50:20","slug":"corazon-12-rosas-y-12-ferrero","status":"publish","type":"product","link":"https:\/\/www.masflores.com.mx\/monterrey\/index.php\/producto\/corazon-12-rosas-y-12-ferrero\/","title":{"rendered":"Coraz\u00f3n 12 Rosas y 16 Ferrero"},"content":{"rendered":"<p>16 Chocolates ferrero con 12 <strong>rosas<\/strong> en base forma coraz\u00f3n&#8230; No olvides agregar un mensaje al terminar tu pago. Si te gustar\u00eda a\u00f1adir un globo o chocolates visita la secci\u00f3n de extras..<\/p>\n<p><strong>Tips<\/strong><br \/>\nTu arreglo requiere de muy poco cuidado, s\u00f3lo te recomendamos agregar un poco de agua cada tercer d\u00eda, y retirar cualquier p\u00e9talo da\u00f1ado de las <strong>flores<\/strong>. Procurando evitar mantenerlo bajo la luz directa del sol.<\/p>\n","protected":false},"excerpt":{"rendered":"<p>16 Chocolates ferrero con 12 <strong>rosas<\/strong> en base forma coraz\u00f3n&#8230; No olvides agregar un mensaje al terminar tu pago. Si te gustar\u00eda a\u00f1adir un globo o chocolates visita la secci\u00f3n de extras..<\/p>\n","protected":false},"featured_media":4485,"template":"","meta":[],"product_brand":[],"product_cat":[41,43],"product_tag":[],"class_list":{"0":"post-359","1":"product","2":"type-product","3":"status-publish","4":"has-post-thumbnail","6":"product_cat-cajas-novedades","7":"product_cat-san-valentin","9":"first","10":"instock","11":"taxable","12":"shipping-taxable","13":"purchasable","14":"product-type-simple"},"jetpack_sharing_enabled":true,"_links":{"self":[{"href":"https:\/\/www.masflores.com.mx\/monterrey\/index.php\/wp-json\/wp\/v2\/product\/359","targetHints":{"allow":["GET"]}}],"collection":[{"href":"https:\/\/www.masflores.com.mx\/monterrey\/index.php\/wp-json\/wp\/v2\/product"}],"about":[{"href":"https:\/\/www.masflores.com.mx\/monterrey\/index.php\/wp-json\/wp\/v2\/types\/product"}],"wp:featuredmedia":[{"embeddable":true,"href":"https:\/\/www.masflores.com.mx\/monterrey\/index.php\/wp-json\/wp\/v2\/media\/4485"}],"wp:attachment":[{"href":"https:\/\/www.masflores.com.mx\/monterrey\/index.php\/wp-json\/wp\/v2\/media?parent=359"}],"wp:term":[{"taxonomy":"product_brand","embeddable":true,"href":"https:\/\/www.masflores.com.mx\/monterrey\/index.php\/wp-json\/wp\/v2\/product_brand?post=359"},{"taxonomy":"product_cat","embeddable":true,"href":"https:\/\/www.masflores.com.mx\/monterrey\/index.php\/wp-json\/wp\/v2\/product_cat?post=359"},{"taxonomy":"product_tag","embeddable":true,"href":"https:\/\/www.masflores.com.mx\/monterrey\/index.php\/wp-json\/wp\/v2\/product_tag?post=359"}],"curies":[{"name":"wp","href":"https:\/\/api.w.org\/{rel}","templated":true}]}}