{"id":3502,"date":"2024-06-27T19:12:23","date_gmt":"2024-06-28T01:12:23","guid":{"rendered":"https:\/\/www.masflores.com.mx\/monterrey\/?post_type=product&#038;p=3502"},"modified":"2026-05-06T23:54:50","modified_gmt":"2026-05-07T05:54:50","slug":"bubble-globo-transparente-graduacion-02","status":"publish","type":"product","link":"https:\/\/www.masflores.com.mx\/monterrey\/index.php\/producto\/bubble-globo-transparente-graduacion-02\/","title":{"rendered":"Bubble Globo Transparente Graduaci\u00f3n 02"},"content":{"rendered":"<p>Globo Bubble transparente\u00a0 24 pulgadas inflado con helio, decorado interior de globlos l\u00e1tex y guirnaldas de papel de china colores a elegir. Puede llevar una frase que nos indique.<\/p>\n<ul>\n<li>Tema Cumplea\u00f1os<\/li>\n<li>Tema Bienvenido Beb\u00e9<\/li>\n<li>Personaliza!!!<\/li>\n<\/ul>\n<p>Durante tu proceso de compra ver\u00e1s un cuadro de texto donde podr\u00e1s incluir un mensaje para tarjeta as\u00ed como detallarnos instrucciones y selecciones de color. <strong>Recomendamos colocar su pedido con un d\u00eda de anticipaci\u00f3n<\/strong><\/p>\n<p>Si tienes dudas cont\u00e1ctanos por medio de nuestro Chat en l\u00ednea!!!<\/p>\n","protected":false},"excerpt":{"rendered":"<p>Globo Bubble transparente\u00a0 24 pulgadas inflado con helio, decorado interior de globlos l\u00e1tex y guirnaldas de papel de china colores a elegir. Puede llevar una frase que nos indique.<\/p>\n","protected":false},"featured_media":3504,"template":"","meta":[],"product_brand":[],"product_cat":[29,30],"product_tag":[67],"class_list":{"0":"post-3502","1":"product","2":"type-product","3":"status-publish","4":"has-post-thumbnail","6":"product_cat-globos-personalizados","7":"product_cat-graduacion","8":"product_tag-graduacion","10":"first","11":"outofstock","12":"taxable","13":"shipping-taxable","14":"purchasable","15":"product-type-simple"},"jetpack_sharing_enabled":true,"_links":{"self":[{"href":"https:\/\/www.masflores.com.mx\/monterrey\/index.php\/wp-json\/wp\/v2\/product\/3502","targetHints":{"allow":["GET"]}}],"collection":[{"href":"https:\/\/www.masflores.com.mx\/monterrey\/index.php\/wp-json\/wp\/v2\/product"}],"about":[{"href":"https:\/\/www.masflores.com.mx\/monterrey\/index.php\/wp-json\/wp\/v2\/types\/product"}],"wp:featuredmedia":[{"embeddable":true,"href":"https:\/\/www.masflores.com.mx\/monterrey\/index.php\/wp-json\/wp\/v2\/media\/3504"}],"wp:attachment":[{"href":"https:\/\/www.masflores.com.mx\/monterrey\/index.php\/wp-json\/wp\/v2\/media?parent=3502"}],"wp:term":[{"taxonomy":"product_brand","embeddable":true,"href":"https:\/\/www.masflores.com.mx\/monterrey\/index.php\/wp-json\/wp\/v2\/product_brand?post=3502"},{"taxonomy":"product_cat","embeddable":true,"href":"https:\/\/www.masflores.com.mx\/monterrey\/index.php\/wp-json\/wp\/v2\/product_cat?post=3502"},{"taxonomy":"product_tag","embeddable":true,"href":"https:\/\/www.masflores.com.mx\/monterrey\/index.php\/wp-json\/wp\/v2\/product_tag?post=3502"}],"curies":[{"name":"wp","href":"https:\/\/api.w.org\/{rel}","templated":true}]}}