{"id":337,"date":"2022-11-01T19:43:17","date_gmt":"2022-11-02T01:43:17","guid":{"rendered":"https:\/\/masflores.com.mx\/monterrey\/?post_type=product&#038;p=337"},"modified":"2026-02-18T18:27:49","modified_gmt":"2026-02-19T00:27:49","slug":"ramo-de-100-rosas-rojas","status":"publish","type":"product","link":"https:\/\/www.masflores.com.mx\/monterrey\/index.php\/producto\/ramo-de-100-rosas-rojas\/","title":{"rendered":"05A Ramo Buch\u00f3n de 100 Rosas Rojas"},"content":{"rendered":"<p>Ramo de 100 Rosas Rojas, c\u00e1sico y elegante ramo buch\u00f3n.<\/p>\n<ul>\n<li><strong>\u00a0Puede elegir el color de rosas de su preferencia.<br \/>\n<\/strong><\/li>\n<\/ul>\n<p>En la secci\u00f3n de Accesorios encontrar\u00e1s los elementos ideales para hacerlo lucir, no te limites!!! <a href=\"https:\/\/www.masflores.com.mx\/monterrey\/index.php\/product-category\/chocolates-peluches-etc\/\"><strong>Vamos all\u00e1<\/strong><\/a>!!!<\/p>\n<p>Lo que distingue a los<strong> ramos buchones<\/strong> es su estilo extravagante y la elegancia desbordante que transmiten. A diferencia de los ramos m\u00e1s cl\u00e1sicos y minimalistas, estos arreglos no temen a la ostentaci\u00f3n.<\/p>\n<p><strong>* Nota:<\/strong> En caso de no especificar colores, su ramo se ensamblara con los colores de rosa que se muestran en la imagen de producto.<\/p>\n<p>Florer\u00eda en Monterrey, Nuevo Le\u00f3n entregamos en\u00a0 nuestra \u00e1rea Metropolitana que incluye: Apodaca, Escobedo, Guadalupe, Monterrey, San Nicol\u00e1s de los Garza, San Pedro Garza Garc\u00eda y Santa Catarina.<br \/>\n<strong>Cons\u00faltenos por su direcci\u00f3n de destino. Servicio mismo d\u00eda disponible.<\/strong><\/p>\n<p>&nbsp;<\/p>\n","protected":false},"excerpt":{"rendered":"<p>Ramo de 100 Rosas Rojas, cl\u00e1sico y elegante ramo buch\u00f3n.<\/p>\n","protected":false},"featured_media":2675,"template":"","meta":[],"product_brand":[],"product_cat":[24,43],"product_tag":[97],"class_list":{"0":"post-337","1":"product","2":"type-product","3":"status-publish","4":"has-post-thumbnail","6":"product_cat-ramos-bouquets","7":"product_cat-san-valentin","8":"product_tag-ramo-buchon","9":"pa_color-rosas-amarillo","10":"pa_color-rosas-blanco","11":"pa_color-rosas-fiusha","12":"pa_color-rosas-lavanda","13":"pa_color-rosas-naranja","14":"pa_color-rosas-rojo","15":"pa_color-rosas-rosa","17":"first","18":"instock","19":"taxable","20":"shipping-taxable","21":"purchasable","22":"product-type-simple"},"jetpack_sharing_enabled":true,"_links":{"self":[{"href":"https:\/\/www.masflores.com.mx\/monterrey\/index.php\/wp-json\/wp\/v2\/product\/337","targetHints":{"allow":["GET"]}}],"collection":[{"href":"https:\/\/www.masflores.com.mx\/monterrey\/index.php\/wp-json\/wp\/v2\/product"}],"about":[{"href":"https:\/\/www.masflores.com.mx\/monterrey\/index.php\/wp-json\/wp\/v2\/types\/product"}],"wp:featuredmedia":[{"embeddable":true,"href":"https:\/\/www.masflores.com.mx\/monterrey\/index.php\/wp-json\/wp\/v2\/media\/2675"}],"wp:attachment":[{"href":"https:\/\/www.masflores.com.mx\/monterrey\/index.php\/wp-json\/wp\/v2\/media?parent=337"}],"wp:term":[{"taxonomy":"product_brand","embeddable":true,"href":"https:\/\/www.masflores.com.mx\/monterrey\/index.php\/wp-json\/wp\/v2\/product_brand?post=337"},{"taxonomy":"product_cat","embeddable":true,"href":"https:\/\/www.masflores.com.mx\/monterrey\/index.php\/wp-json\/wp\/v2\/product_cat?post=337"},{"taxonomy":"product_tag","embeddable":true,"href":"https:\/\/www.masflores.com.mx\/monterrey\/index.php\/wp-json\/wp\/v2\/product_tag?post=337"}],"curies":[{"name":"wp","href":"https:\/\/api.w.org\/{rel}","templated":true}]}}