{"id":329,"date":"2022-11-01T19:26:42","date_gmt":"2022-11-02T01:26:42","guid":{"rendered":"https:\/\/masflores.com.mx\/monterrey\/?post_type=product&#038;p=329"},"modified":"2026-02-18T18:14:44","modified_gmt":"2026-02-19T00:14:44","slug":"0c-ramo-24-rosas-tradicional","status":"publish","type":"product","link":"https:\/\/www.masflores.com.mx\/monterrey\/index.php\/producto\/0c-ramo-24-rosas-tradicional\/","title":{"rendered":"02A Ramo 24 Rosas &#8211; Tradicional"},"content":{"rendered":"<p><strong>Ramo de 24 rosas rojas<\/strong>\u00a0 en celof\u00e1n y hermoso mo\u00f1o de organza.<\/p>\n<p>Env\u00edo a domicilio en Monterrey y \u00e1rea metropolitana, servicio mismo d\u00eda disponible. Si te gustar\u00eda agregar un globo o chocolates visita la seccion de extras.<\/p>\n","protected":false},"excerpt":{"rendered":"<p><strong>Ramo de 24 rosas rojas<\/strong> con finos follajes en celof\u00e1n y hermoso mo\u00f1o de organza.<\/p>\n","protected":false},"featured_media":4101,"template":"","meta":[],"product_brand":[],"product_cat":[24,72,43],"product_tag":[],"class_list":{"0":"post-329","1":"product","2":"type-product","3":"status-publish","4":"has-post-thumbnail","6":"product_cat-ramos-bouquets","7":"product_cat-mama-10-mayo","8":"product_cat-san-valentin","9":"pa_color-rosas-amarillo","10":"pa_color-rosas-blanco","11":"pa_color-rosas-fiusha","12":"pa_color-rosas-lavanda","13":"pa_color-rosas-naranja","14":"pa_color-rosas-rojo","15":"pa_color-rosas-rosa","17":"first","18":"instock","19":"taxable","20":"shipping-taxable","21":"purchasable","22":"product-type-simple"},"jetpack_sharing_enabled":true,"_links":{"self":[{"href":"https:\/\/www.masflores.com.mx\/monterrey\/index.php\/wp-json\/wp\/v2\/product\/329","targetHints":{"allow":["GET"]}}],"collection":[{"href":"https:\/\/www.masflores.com.mx\/monterrey\/index.php\/wp-json\/wp\/v2\/product"}],"about":[{"href":"https:\/\/www.masflores.com.mx\/monterrey\/index.php\/wp-json\/wp\/v2\/types\/product"}],"wp:featuredmedia":[{"embeddable":true,"href":"https:\/\/www.masflores.com.mx\/monterrey\/index.php\/wp-json\/wp\/v2\/media\/4101"}],"wp:attachment":[{"href":"https:\/\/www.masflores.com.mx\/monterrey\/index.php\/wp-json\/wp\/v2\/media?parent=329"}],"wp:term":[{"taxonomy":"product_brand","embeddable":true,"href":"https:\/\/www.masflores.com.mx\/monterrey\/index.php\/wp-json\/wp\/v2\/product_brand?post=329"},{"taxonomy":"product_cat","embeddable":true,"href":"https:\/\/www.masflores.com.mx\/monterrey\/index.php\/wp-json\/wp\/v2\/product_cat?post=329"},{"taxonomy":"product_tag","embeddable":true,"href":"https:\/\/www.masflores.com.mx\/monterrey\/index.php\/wp-json\/wp\/v2\/product_tag?post=329"}],"curies":[{"name":"wp","href":"https:\/\/api.w.org\/{rel}","templated":true}]}}