{"id":3284,"date":"2024-06-03T19:02:38","date_gmt":"2024-06-04T01:02:38","guid":{"rendered":"https:\/\/www.masflores.com.mx\/monterrey\/?post_type=product&#038;p=3284"},"modified":"2026-05-07T00:09:47","modified_gmt":"2026-05-07T06:09:47","slug":"espectacular-de-100-rosas-colores","status":"publish","type":"product","link":"https:\/\/www.masflores.com.mx\/monterrey\/index.php\/producto\/espectacular-de-100-rosas-colores\/","title":{"rendered":".Espectacular de 100 Rosas Color\u00e9es"},"content":{"rendered":"<p>Jarr\u00f3n de cristal con 100 rosas en hasta 4 colores con list\u00f3n y finos follajes.<\/p>\n<p>Si te gustar\u00eda agregar un globo o chocolates visita la secci\u00f3n de globos y chocolates. No olvides agregar un mensaje al final de tu pedido.<\/p>\n","protected":false},"excerpt":{"rendered":"<p>Jarr\u00f3n de cristal con 100 rosas con list\u00f3n y finos follajes.<\/p>\n","protected":false},"featured_media":3285,"template":"","meta":[],"product_brand":[],"product_cat":[34,72],"product_tag":[71,70,69],"class_list":{"0":"post-3284","1":"product","2":"type-product","3":"status-publish","4":"has-post-thumbnail","6":"product_cat-arreglos-rosas","7":"product_cat-mama-10-mayo","8":"product_tag-10-de-mayo","9":"product_tag-dia-de-las-madres","10":"product_tag-mama","12":"first","13":"outofstock","14":"taxable","15":"shipping-taxable","16":"purchasable","17":"product-type-simple"},"jetpack_sharing_enabled":true,"_links":{"self":[{"href":"https:\/\/www.masflores.com.mx\/monterrey\/index.php\/wp-json\/wp\/v2\/product\/3284","targetHints":{"allow":["GET"]}}],"collection":[{"href":"https:\/\/www.masflores.com.mx\/monterrey\/index.php\/wp-json\/wp\/v2\/product"}],"about":[{"href":"https:\/\/www.masflores.com.mx\/monterrey\/index.php\/wp-json\/wp\/v2\/types\/product"}],"wp:featuredmedia":[{"embeddable":true,"href":"https:\/\/www.masflores.com.mx\/monterrey\/index.php\/wp-json\/wp\/v2\/media\/3285"}],"wp:attachment":[{"href":"https:\/\/www.masflores.com.mx\/monterrey\/index.php\/wp-json\/wp\/v2\/media?parent=3284"}],"wp:term":[{"taxonomy":"product_brand","embeddable":true,"href":"https:\/\/www.masflores.com.mx\/monterrey\/index.php\/wp-json\/wp\/v2\/product_brand?post=3284"},{"taxonomy":"product_cat","embeddable":true,"href":"https:\/\/www.masflores.com.mx\/monterrey\/index.php\/wp-json\/wp\/v2\/product_cat?post=3284"},{"taxonomy":"product_tag","embeddable":true,"href":"https:\/\/www.masflores.com.mx\/monterrey\/index.php\/wp-json\/wp\/v2\/product_tag?post=3284"}],"curies":[{"name":"wp","href":"https:\/\/api.w.org\/{rel}","templated":true}]}}