{"id":3219,"date":"2024-05-23T09:54:48","date_gmt":"2024-05-23T15:54:48","guid":{"rendered":"https:\/\/www.masflores.com.mx\/monterrey\/?post_type=product&#038;p=3219"},"modified":"2026-02-18T18:27:50","modified_gmt":"2026-02-19T00:27:50","slug":"ramo-de-100-rosas-m01","status":"publish","type":"product","link":"https:\/\/www.masflores.com.mx\/monterrey\/index.php\/producto\/ramo-de-100-rosas-m01\/","title":{"rendered":"05D Ramo Buch\u00f3n de 100 Rosas"},"content":{"rendered":"<p>Ramo buch\u00f3n de 100 Rosas con dolar como follaje, envuelto en papel coreano en colores acordes la combinaci\u00f3n de flor.<\/p>\n<p>Lo que distingue a los ramos buchones es su estilo extravagante y la elegancia desbordante que transmiten. A diferencia de los ramos m\u00e1s cl\u00e1sicos y minimalistas, estos arreglos no temen a la ostentaci\u00f3n.<\/p>\n<p><strong>* Nota:<\/strong> En caso de no especificar colores, su ramo se ensamblara con los colores de rosa que se muestran en la imagen de producto.<\/p>\n<p><strong>\u00a0<\/strong><\/p>\n<p>Si te gustar\u00eda agregar un globo o chocolates visita la seccion de extras.<\/p>\n","protected":false},"excerpt":{"rendered":"<p>Ramo buch\u00f3n de 100 Rosas con dolar como follaje, envuelto en papel coreano en colores acordes la combinaci\u00f3n de flor.<\/p>\n","protected":false},"featured_media":3220,"template":"","meta":[],"product_brand":[],"product_cat":[24,72],"product_tag":[],"class_list":{"0":"post-3219","1":"product","2":"type-product","3":"status-publish","4":"has-post-thumbnail","6":"product_cat-ramos-bouquets","7":"product_cat-mama-10-mayo","9":"first","10":"instock","11":"taxable","12":"shipping-taxable","13":"purchasable","14":"product-type-simple"},"jetpack_sharing_enabled":true,"_links":{"self":[{"href":"https:\/\/www.masflores.com.mx\/monterrey\/index.php\/wp-json\/wp\/v2\/product\/3219","targetHints":{"allow":["GET"]}}],"collection":[{"href":"https:\/\/www.masflores.com.mx\/monterrey\/index.php\/wp-json\/wp\/v2\/product"}],"about":[{"href":"https:\/\/www.masflores.com.mx\/monterrey\/index.php\/wp-json\/wp\/v2\/types\/product"}],"wp:featuredmedia":[{"embeddable":true,"href":"https:\/\/www.masflores.com.mx\/monterrey\/index.php\/wp-json\/wp\/v2\/media\/3220"}],"wp:attachment":[{"href":"https:\/\/www.masflores.com.mx\/monterrey\/index.php\/wp-json\/wp\/v2\/media?parent=3219"}],"wp:term":[{"taxonomy":"product_brand","embeddable":true,"href":"https:\/\/www.masflores.com.mx\/monterrey\/index.php\/wp-json\/wp\/v2\/product_brand?post=3219"},{"taxonomy":"product_cat","embeddable":true,"href":"https:\/\/www.masflores.com.mx\/monterrey\/index.php\/wp-json\/wp\/v2\/product_cat?post=3219"},{"taxonomy":"product_tag","embeddable":true,"href":"https:\/\/www.masflores.com.mx\/monterrey\/index.php\/wp-json\/wp\/v2\/product_tag?post=3219"}],"curies":[{"name":"wp","href":"https:\/\/api.w.org\/{rel}","templated":true}]}}