{"id":2918,"date":"2024-03-27T17:33:51","date_gmt":"2024-03-27T23:33:51","guid":{"rendered":"https:\/\/www.masflores.com.mx\/monterrey\/?post_type=product&#038;p=2918"},"modified":"2026-03-25T14:53:33","modified_gmt":"2026-03-25T20:53:33","slug":"50-rosas-girasoles","status":"publish","type":"product","link":"https:\/\/www.masflores.com.mx\/monterrey\/index.php\/producto\/50-rosas-girasoles\/","title":{"rendered":"04A Ramo 75 Rosas Rojas y Girasoles"},"content":{"rendered":"<p>Bouquet de 50 rosas rojas y girasoles (entre 10 y 15 apr\u00f3x.) envuelto en elegante papel coreano. Si te gustar\u00eda agregar un globo o chocolates visita la seccion de extras. Entregamos en Monterrey y \u00c1rea Metropolitana.<\/p>\n","protected":false},"excerpt":{"rendered":"<p>Bouquet de 50 rosas rojas y girasoles (entre 10 y 15 apr\u00f3x.) envuelto en elegante papel coreano. Entregamos en Monterrey y \u00c1rea Metropolitana.<\/p>\n","protected":false},"featured_media":2919,"template":"","meta":[],"product_brand":[],"product_cat":[24],"product_tag":[68,97],"class_list":{"0":"post-2918","1":"product","2":"type-product","3":"status-publish","4":"has-post-thumbnail","6":"product_cat-ramos-bouquets","7":"product_tag-girasoles","8":"product_tag-ramo-buchon","10":"first","11":"instock","12":"taxable","13":"shipping-taxable","14":"purchasable","15":"product-type-simple"},"jetpack_sharing_enabled":true,"_links":{"self":[{"href":"https:\/\/www.masflores.com.mx\/monterrey\/index.php\/wp-json\/wp\/v2\/product\/2918","targetHints":{"allow":["GET"]}}],"collection":[{"href":"https:\/\/www.masflores.com.mx\/monterrey\/index.php\/wp-json\/wp\/v2\/product"}],"about":[{"href":"https:\/\/www.masflores.com.mx\/monterrey\/index.php\/wp-json\/wp\/v2\/types\/product"}],"wp:featuredmedia":[{"embeddable":true,"href":"https:\/\/www.masflores.com.mx\/monterrey\/index.php\/wp-json\/wp\/v2\/media\/2919"}],"wp:attachment":[{"href":"https:\/\/www.masflores.com.mx\/monterrey\/index.php\/wp-json\/wp\/v2\/media?parent=2918"}],"wp:term":[{"taxonomy":"product_brand","embeddable":true,"href":"https:\/\/www.masflores.com.mx\/monterrey\/index.php\/wp-json\/wp\/v2\/product_brand?post=2918"},{"taxonomy":"product_cat","embeddable":true,"href":"https:\/\/www.masflores.com.mx\/monterrey\/index.php\/wp-json\/wp\/v2\/product_cat?post=2918"},{"taxonomy":"product_tag","embeddable":true,"href":"https:\/\/www.masflores.com.mx\/monterrey\/index.php\/wp-json\/wp\/v2\/product_tag?post=2918"}],"curies":[{"name":"wp","href":"https:\/\/api.w.org\/{rel}","templated":true}]}}