{"id":2625,"date":"2024-02-06T00:03:43","date_gmt":"2024-02-06T06:03:43","guid":{"rendered":"https:\/\/www.masflores.com.mx\/monterrey\/?post_type=product&#038;p=2625"},"modified":"2026-02-16T12:07:26","modified_gmt":"2026-02-16T18:07:26","slug":"corazon-3d-10-tulipanes","status":"publish","type":"product","link":"https:\/\/www.masflores.com.mx\/monterrey\/index.php\/producto\/corazon-3d-10-tulipanes\/","title":{"rendered":".Coraz\u00f3n 3d con 10 tulipanes"},"content":{"rendered":"<p>Coraz\u00f3n 3d de cer\u00e1mica color chocolate con 10 tulipanes color rosa y astroemerias blancas. Rom\u00e1ntico, tierno y elegante!<\/p>\n<h2><strong>DISPONIBLE 14 DE FEBRERO EN TULIPAN ROJO<\/strong><\/h2>\n<p><strong>Durante tu proceso de compra ver\u00e1s un cuadro de texto donde podr\u00e1s incluir un mensaje para tarjeta as\u00ed como detallarnos instrucciones y selecciones de color.<\/strong><\/p>\n<p>Si tienes dudas cont\u00e1ctanos por medio de nuestro Chat en l\u00ednea!!!<\/p>\n","protected":false},"excerpt":{"rendered":"<p>Coraz\u00f3n 3d de cer\u00e1mica color chocolate con 10 tulipanes color rosa y astroemerias blancas. Rom\u00e1ntico, tierno y elegante!<\/p>\n","protected":false},"featured_media":2626,"template":"","meta":[],"product_brand":[],"product_cat":[41,35,72,43],"product_tag":[91,46,66,47,45],"class_list":{"0":"post-2625","1":"product","2":"type-product","3":"status-publish","4":"has-post-thumbnail","6":"product_cat-cajas-novedades","7":"product_cat-tulipanes","8":"product_cat-mama-10-mayo","9":"product_cat-san-valentin","10":"product_tag-14-de-febrero","11":"product_tag-amor-y-amistad","12":"product_tag-aniversario","13":"product_tag-romantico","14":"product_tag-san-valentin","16":"first","17":"instock","18":"taxable","19":"shipping-taxable","20":"purchasable","21":"product-type-simple"},"jetpack_sharing_enabled":true,"_links":{"self":[{"href":"https:\/\/www.masflores.com.mx\/monterrey\/index.php\/wp-json\/wp\/v2\/product\/2625","targetHints":{"allow":["GET"]}}],"collection":[{"href":"https:\/\/www.masflores.com.mx\/monterrey\/index.php\/wp-json\/wp\/v2\/product"}],"about":[{"href":"https:\/\/www.masflores.com.mx\/monterrey\/index.php\/wp-json\/wp\/v2\/types\/product"}],"wp:featuredmedia":[{"embeddable":true,"href":"https:\/\/www.masflores.com.mx\/monterrey\/index.php\/wp-json\/wp\/v2\/media\/2626"}],"wp:attachment":[{"href":"https:\/\/www.masflores.com.mx\/monterrey\/index.php\/wp-json\/wp\/v2\/media?parent=2625"}],"wp:term":[{"taxonomy":"product_brand","embeddable":true,"href":"https:\/\/www.masflores.com.mx\/monterrey\/index.php\/wp-json\/wp\/v2\/product_brand?post=2625"},{"taxonomy":"product_cat","embeddable":true,"href":"https:\/\/www.masflores.com.mx\/monterrey\/index.php\/wp-json\/wp\/v2\/product_cat?post=2625"},{"taxonomy":"product_tag","embeddable":true,"href":"https:\/\/www.masflores.com.mx\/monterrey\/index.php\/wp-json\/wp\/v2\/product_tag?post=2625"}],"curies":[{"name":"wp","href":"https:\/\/api.w.org\/{rel}","templated":true}]}}