{"id":227,"date":"2022-10-31T01:16:32","date_gmt":"2022-10-31T01:16:32","guid":{"rendered":"https:\/\/masflores.com.mx\/monterrey\/?post_type=product&#038;p=227"},"modified":"2025-06-18T14:59:07","modified_gmt":"2025-06-18T20:59:07","slug":"corona-14a-con-rosas-rojas","status":"publish","type":"product","link":"https:\/\/www.masflores.com.mx\/monterrey\/index.php\/producto\/corona-14a-con-rosas-rojas\/","title":{"rendered":"Corona F\u00fanebre 14a con Rosas Rojas"},"content":{"rendered":"<p>Corona para funeral con delicado adorno de rosas rojas, 110cm de diametro. Entrega en Monterrey y su \u00e1rea Metropolitana.<\/p>\n<p><strong>IMPORTANTE<\/strong>:<\/p>\n<ul>\n<li>Al realizar su pedido considere que el nombre de a quien se dirige su arreglo es el de la persona fallecida ya que este es el registrado en el acceso a funeraria o capilla de velaci\u00f3n.<\/li>\n<li>De ser posibile le pedimos informaci\u00f3n de duraci\u00f3n del servicio f\u00fanebre: horario de inicio y\/o de finalizaci\u00f3n. Estos datos puede colocarlos en el espacio de Informaci\u00f3n adiciolnal duracte su proceso de compra junto con el texto para su banda y\/o tarjeta.<\/li>\n<li><strong>Nuestro tiempo de entrega es de un M\u00cdNIMOde 3 horas a partir de colocado su pedido, cons\u00faltenos.<\/strong><\/li>\n<li><strong>Debe solicitarse antes de las 6pm para env\u00edos de mismo d\u00eda.<\/strong><\/li>\n<li><strong>Si su pedido es colocado para el d\u00eda siguiente se programa para entrega a partir de las 10am.<\/strong><\/li>\n<\/ul>\n<p>Entre otras entregamos en:<br \/>\nCapillas Gayosso Marianas, Capillas Benito M. Flores, Capillas Valle de la Paz en sus diferentes sucursales,<br \/>\nCapillas Protecto dentro del \u00c1rea Metropolitana, Capillas Del Carmen, Funerales Dolores,<br \/>\nFunerales Gonz\u00e1lez, Funerales Raymundo S\u00e1nchez, Capillas FNSI, Capillas ERFIN, Funerales Hern\u00e1ndez,<br \/>\nFunerales Mart\u00ednez, Capillas ISSSTE, FIBESO, Jardines de Juan Pablo, Capillas Guadalupe Premier, Funerales Del Pueblo, Serorrey Funerales,<br \/>\nCapillas La Pur\u00edsima, Funerarias Jard\u00edn de los Pinos, Latinoamericana Recinto Funeral.<\/p>\n","protected":false},"excerpt":{"rendered":"<p>Corona con delicado adorno de rosas rojas, 110cm de diametro. Entrega en Monterrey y su \u00e1rea Metropolitana.<\/p>\n","protected":false},"featured_media":1428,"template":"","meta":[],"product_brand":[],"product_cat":[20],"product_tag":[],"class_list":{"0":"post-227","1":"product","2":"type-product","3":"status-publish","4":"has-post-thumbnail","6":"product_cat-coronas-y-tripies","8":"first","9":"instock","10":"taxable","11":"shipping-taxable","12":"purchasable","13":"product-type-simple"},"jetpack_sharing_enabled":true,"_links":{"self":[{"href":"https:\/\/www.masflores.com.mx\/monterrey\/index.php\/wp-json\/wp\/v2\/product\/227","targetHints":{"allow":["GET"]}}],"collection":[{"href":"https:\/\/www.masflores.com.mx\/monterrey\/index.php\/wp-json\/wp\/v2\/product"}],"about":[{"href":"https:\/\/www.masflores.com.mx\/monterrey\/index.php\/wp-json\/wp\/v2\/types\/product"}],"wp:featuredmedia":[{"embeddable":true,"href":"https:\/\/www.masflores.com.mx\/monterrey\/index.php\/wp-json\/wp\/v2\/media\/1428"}],"wp:attachment":[{"href":"https:\/\/www.masflores.com.mx\/monterrey\/index.php\/wp-json\/wp\/v2\/media?parent=227"}],"wp:term":[{"taxonomy":"product_brand","embeddable":true,"href":"https:\/\/www.masflores.com.mx\/monterrey\/index.php\/wp-json\/wp\/v2\/product_brand?post=227"},{"taxonomy":"product_cat","embeddable":true,"href":"https:\/\/www.masflores.com.mx\/monterrey\/index.php\/wp-json\/wp\/v2\/product_cat?post=227"},{"taxonomy":"product_tag","embeddable":true,"href":"https:\/\/www.masflores.com.mx\/monterrey\/index.php\/wp-json\/wp\/v2\/product_tag?post=227"}],"curies":[{"name":"wp","href":"https:\/\/api.w.org\/{rel}","templated":true}]}}