{"id":175,"date":"2022-10-30T23:24:22","date_gmt":"2022-10-31T05:24:22","guid":{"rendered":"https:\/\/masflores.com.mx\/monterrey\/?post_type=product&#038;p=175"},"modified":"2025-06-18T15:11:08","modified_gmt":"2025-06-18T21:11:08","slug":"b05-tripie-corazon-de-claveles-con-24-rosas-85cm-diametro","status":"publish","type":"product","link":"https:\/\/www.masflores.com.mx\/monterrey\/index.php\/producto\/b05-tripie-corazon-de-claveles-con-24-rosas-85cm-diametro\/","title":{"rendered":"B05 &#8211; Tripie Coraz\u00f3n de Claveles con 24 rosas 85cm diametro"},"content":{"rendered":"<p>Si necesitas enviar un arreglo floral de condolencias compacto, colorido que trasmita t\u00fa sentimiento esta es tu opci\u00f3n.<\/p>\n<p>* Forma de coraz\u00f3n decorada con claveles blancos.<br \/>\n* Arreglo floral de 24 rosas. Cons\u00faltanos opciones de color.<br \/>\n<strong>+++ Si no hay alguna indicaci\u00f3n especifica se entrega en los colores de nuestra imagen de muestra.<\/strong><br \/>\n* Follajes de colores complementarios.<br \/>\n* Di\u00e1metro del arreglo 85cm apr\u00f3x.<br \/>\n* Montado en base tripi\u00e9 que facilita su colocaci\u00f3n.<\/p>\n<p>Para ofrecer un servicio adecuado es importante que cuente con informaci\u00f3n de la duraci\u00f3n del servicio funeral.<\/p>\n<p><strong>Nuestro tiempo de entrega es de un m\u00ednimo de 2 a 3 horas a partir de colocado su pedido y debe solicitarse antes de las 6pm para envios de mismo d\u00eda.<\/strong><\/p>\n<p><strong>Si su pedido es colocado para el d\u00eda siguiente se programa para entrega a partir de las 10am.<\/strong><\/p>\n","protected":false},"excerpt":{"rendered":"<p>Si necesitas enviar un arreglo floral de condolencias compacto, colorido que trasmita t\u00fa sentimiento esta es tu opci\u00f3n. * Forma de coraz\u00f3n decorada con claveles blancos. * Arreglo floral de 24 rosas. Cons\u00faltanos opciones de color. +++ Si no hay alguna indicaci\u00f3n especifica se entrega en los colores de nuestra imagen de muestra. * Follajes [&hellip;]<\/p>\n","protected":false},"featured_media":176,"template":"","meta":[],"product_brand":[],"product_cat":[44],"product_tag":[],"class_list":{"0":"post-175","1":"product","2":"type-product","3":"status-publish","4":"has-post-thumbnail","6":"product_cat-tripies-funeral","8":"first","9":"instock","10":"taxable","11":"shipping-taxable","12":"purchasable","13":"product-type-simple"},"jetpack_sharing_enabled":true,"_links":{"self":[{"href":"https:\/\/www.masflores.com.mx\/monterrey\/index.php\/wp-json\/wp\/v2\/product\/175","targetHints":{"allow":["GET"]}}],"collection":[{"href":"https:\/\/www.masflores.com.mx\/monterrey\/index.php\/wp-json\/wp\/v2\/product"}],"about":[{"href":"https:\/\/www.masflores.com.mx\/monterrey\/index.php\/wp-json\/wp\/v2\/types\/product"}],"wp:featuredmedia":[{"embeddable":true,"href":"https:\/\/www.masflores.com.mx\/monterrey\/index.php\/wp-json\/wp\/v2\/media\/176"}],"wp:attachment":[{"href":"https:\/\/www.masflores.com.mx\/monterrey\/index.php\/wp-json\/wp\/v2\/media?parent=175"}],"wp:term":[{"taxonomy":"product_brand","embeddable":true,"href":"https:\/\/www.masflores.com.mx\/monterrey\/index.php\/wp-json\/wp\/v2\/product_brand?post=175"},{"taxonomy":"product_cat","embeddable":true,"href":"https:\/\/www.masflores.com.mx\/monterrey\/index.php\/wp-json\/wp\/v2\/product_cat?post=175"},{"taxonomy":"product_tag","embeddable":true,"href":"https:\/\/www.masflores.com.mx\/monterrey\/index.php\/wp-json\/wp\/v2\/product_tag?post=175"}],"curies":[{"name":"wp","href":"https:\/\/api.w.org\/{rel}","templated":true}]}}