{"id":173,"date":"2022-10-30T23:20:09","date_gmt":"2022-10-31T05:20:09","guid":{"rendered":"https:\/\/masflores.com.mx\/monterrey\/?post_type=product&#038;p=173"},"modified":"2025-02-18T15:30:12","modified_gmt":"2025-02-18T21:30:12","slug":"b02-tripie-con-50-rosas-tonos-calidos","status":"publish","type":"product","link":"https:\/\/www.masflores.com.mx\/monterrey\/index.php\/producto\/b02-tripie-con-50-rosas-tonos-calidos\/","title":{"rendered":"B02 &#8211; Tripie con 50 rosas Tonos C\u00e1lidos"},"content":{"rendered":"<p>Si necesitas enviar un arreglo floral de condolencias compacto, colorido que trasmita un mensaje de \u00e1nimo esta es tu opci\u00f3n.<\/p>\n<p>* 50 rosas hasta en tres colores. Cons\u00faltanos opciones.<br \/>\n<strong>+++ Si no hay alguna indicaci\u00f3n especifica se entrega en los colores de nuestra imagen de muestra.<\/strong><br \/>\n* Flores y follajes de colores complementarios.<br \/>\n* Di\u00e1metro del arreglo 85cm apr\u00f3x.<br \/>\n* Montado en base de tripi\u00e9 que facilita su colocaci\u00f3n.<\/p>\n<p>Para ofrecer un servicio adecuado es importante que cuente con informaci\u00f3n de la duraci\u00f3n del servicio funeral.<\/p>\n<p><strong>Nuestro tiempo de entrega es de un m\u00ednimo de 2 a 3 horas a partir de colocado su pedido y debe solicitarse antes de las 6pm para envios de mismo d\u00eda.<\/strong><\/p>\n<p><strong>Si su pedido es colocado para el d\u00eda siguiente se programa para entrega a partir de las 10am.<\/strong><\/p>\n","protected":false},"excerpt":{"rendered":"<p>Si necesitas enviar un arreglo floral de condolencias compacto, colorido que trasmita un mensaje de \u00e1nimo esta es tu opci\u00f3n. * 50 rosas hasta en tres colores. Cons\u00faltanos opciones. +++ Si no hay alguna indicaci\u00f3n especifica se entrega en los colores de nuestra imagen de muestra. * Flores y follajes de colores complementarios. * Di\u00e1metro [&hellip;]<\/p>\n","protected":false},"featured_media":174,"template":"","meta":[],"product_brand":[],"product_cat":[44],"product_tag":[],"class_list":{"0":"post-173","1":"product","2":"type-product","3":"status-publish","4":"has-post-thumbnail","6":"product_cat-tripies-funeral","8":"first","9":"instock","10":"taxable","11":"shipping-taxable","12":"purchasable","13":"product-type-simple"},"jetpack_sharing_enabled":true,"_links":{"self":[{"href":"https:\/\/www.masflores.com.mx\/monterrey\/index.php\/wp-json\/wp\/v2\/product\/173","targetHints":{"allow":["GET"]}}],"collection":[{"href":"https:\/\/www.masflores.com.mx\/monterrey\/index.php\/wp-json\/wp\/v2\/product"}],"about":[{"href":"https:\/\/www.masflores.com.mx\/monterrey\/index.php\/wp-json\/wp\/v2\/types\/product"}],"wp:featuredmedia":[{"embeddable":true,"href":"https:\/\/www.masflores.com.mx\/monterrey\/index.php\/wp-json\/wp\/v2\/media\/174"}],"wp:attachment":[{"href":"https:\/\/www.masflores.com.mx\/monterrey\/index.php\/wp-json\/wp\/v2\/media?parent=173"}],"wp:term":[{"taxonomy":"product_brand","embeddable":true,"href":"https:\/\/www.masflores.com.mx\/monterrey\/index.php\/wp-json\/wp\/v2\/product_brand?post=173"},{"taxonomy":"product_cat","embeddable":true,"href":"https:\/\/www.masflores.com.mx\/monterrey\/index.php\/wp-json\/wp\/v2\/product_cat?post=173"},{"taxonomy":"product_tag","embeddable":true,"href":"https:\/\/www.masflores.com.mx\/monterrey\/index.php\/wp-json\/wp\/v2\/product_tag?post=173"}],"curies":[{"name":"wp","href":"https:\/\/api.w.org\/{rel}","templated":true}]}}