{"id":1662,"date":"2023-05-16T18:54:40","date_gmt":"2023-05-17T00:54:40","guid":{"rendered":"https:\/\/www.masflores.com.mx\/monterrey\/?post_type=product&#038;p=1662"},"modified":"2026-03-26T12:12:31","modified_gmt":"2026-03-26T18:12:31","slug":"50-rosas-en-caja-globo","status":"publish","type":"product","link":"https:\/\/www.masflores.com.mx\/monterrey\/index.php\/producto\/50-rosas-en-caja-globo\/","title":{"rendered":"24 Rosas en Caja con Arco de Globos"},"content":{"rendered":"<p>Alegre arreglo floral con 24 rosas en tono rosa ensamblado en caja con Arco de globos sobre rueda con texto personalizado.<\/p>\n<p><strong>Perzonaliza: Puede indicarnos el color de la rosa de su preferencia!!! <\/strong><\/p>\n<p><strong>Durante su proceso de compra ver\u00e1 un cuadro de texto donde podr\u00e1 incluir un mensaje para tarjeta as\u00ed como detallarnos instrucciones y selecciones de color.<\/strong><\/p>\n<p>Si tienes dudas cont\u00e1ctanos por medio de nuestro Chat en l\u00ednea!!!<\/p>\n","protected":false},"excerpt":{"rendered":"<p>Alegre arreglo floral con 24 rosas en tono rosa ensamblado en caja con Arco de globos sobre rueda con texto personalizado.<\/p>\n","protected":false},"featured_media":1663,"template":"","meta":[],"product_brand":[],"product_cat":[26,41],"product_tag":[],"class_list":{"0":"post-1662","1":"product","2":"type-product","3":"status-publish","4":"has-post-thumbnail","6":"product_cat-cumpleanos-birthday","7":"product_cat-cajas-novedades","9":"first","10":"instock","11":"taxable","12":"shipping-taxable","13":"purchasable","14":"product-type-simple"},"jetpack_sharing_enabled":true,"_links":{"self":[{"href":"https:\/\/www.masflores.com.mx\/monterrey\/index.php\/wp-json\/wp\/v2\/product\/1662","targetHints":{"allow":["GET"]}}],"collection":[{"href":"https:\/\/www.masflores.com.mx\/monterrey\/index.php\/wp-json\/wp\/v2\/product"}],"about":[{"href":"https:\/\/www.masflores.com.mx\/monterrey\/index.php\/wp-json\/wp\/v2\/types\/product"}],"wp:featuredmedia":[{"embeddable":true,"href":"https:\/\/www.masflores.com.mx\/monterrey\/index.php\/wp-json\/wp\/v2\/media\/1663"}],"wp:attachment":[{"href":"https:\/\/www.masflores.com.mx\/monterrey\/index.php\/wp-json\/wp\/v2\/media?parent=1662"}],"wp:term":[{"taxonomy":"product_brand","embeddable":true,"href":"https:\/\/www.masflores.com.mx\/monterrey\/index.php\/wp-json\/wp\/v2\/product_brand?post=1662"},{"taxonomy":"product_cat","embeddable":true,"href":"https:\/\/www.masflores.com.mx\/monterrey\/index.php\/wp-json\/wp\/v2\/product_cat?post=1662"},{"taxonomy":"product_tag","embeddable":true,"href":"https:\/\/www.masflores.com.mx\/monterrey\/index.php\/wp-json\/wp\/v2\/product_tag?post=1662"}],"curies":[{"name":"wp","href":"https:\/\/api.w.org\/{rel}","templated":true}]}}