{"id":164,"date":"2022-10-30T23:10:20","date_gmt":"2022-10-31T05:10:20","guid":{"rendered":"https:\/\/masflores.com.mx\/monterrey\/?post_type=product&#038;p=164"},"modified":"2025-03-03T16:20:19","modified_gmt":"2025-03-03T22:20:19","slug":"a11-tripie-con-350-rosas-blancas","status":"publish","type":"product","link":"https:\/\/www.masflores.com.mx\/monterrey\/index.php\/producto\/a11-tripie-con-350-rosas-blancas\/","title":{"rendered":"A11 &#8211; Tripi\u00e9 con 350 Rosas Blancas"},"content":{"rendered":"<p>Arreglo floral en tripi\u00e9 de madera con 350 rosas blancas. El di\u00e1metro aproximado del ensamble floral es de 90cm. El arreglo se envia basado en el dise\u00f1o y colores de la imagen<\/p>\n<p>El adorno floral puede ensamblarse si lo requiere en BLANCO, AMARILLO, ROSA o ROJO.<\/p>\n<p>Para ofrecer un servicio adecuado es importante que cuente con informaci\u00f3n de la duraci\u00f3n del servicio funeral.<\/p>\n<p><strong>Nuestro tiempo de entrega es de un m\u00ednimo de 3 a 4 horas a partir de colocado su pedido y debe solicitarse antes de las 6pm para envios de mismo d\u00eda.<\/strong><\/p>\n<p><strong>Si su pedido es colocado para el d\u00eda siguiente se programa para entrega a partir de las 10am.<\/strong><\/p>\n<p>Entre otras entregamos en:<br \/>\nCapillas Gayosso Marianas, Capillas Benito M. Flores, Capillas Valle de la Paz en sus diferentes sucursales,<br \/>\nCapillas Protecto dentro del \u00c1rea Metropolitana, Capillas Del Carmen, Funerales Dolores,<br \/>\nFunerales Gonz\u00e1lez, Funerales Raymundo S\u00e1nchez, Capillas FNSI, Capillas ERFIN, Funerales Hern\u00e1ndez,<br \/>\nFunerales Mart\u00ednez, Capillas ISSSTE, FIBESO, Jardines de Juan Pablo, Capillas Guadalupe Premier, Funerales Del Pueblo, Serorrey Funerales,<br \/>\nCapillas La Pur\u00edsima, Funerarias Jard\u00edn de los Pinos, Latinoamericana Recinto Funeral.<\/p>\n","protected":false},"excerpt":{"rendered":"<p>Arreglo floral en tripi\u00e9 de madera con 350 rosas blancas. El di\u00e1metro aproximado del ensamble floral es de 90cm. El arreglo se envia basado en el dise\u00f1o y colores de la imagen El adorno floral puede ensamblarse si lo requiere en BLANCO, AMARILLO, ROSA o ROJO. Para ofrecer un servicio adecuado es importante que cuente [&hellip;]<\/p>\n","protected":false},"featured_media":165,"template":"","meta":[],"product_brand":[],"product_cat":[44],"product_tag":[],"class_list":{"0":"post-164","1":"product","2":"type-product","3":"status-publish","4":"has-post-thumbnail","6":"product_cat-tripies-funeral","8":"first","9":"instock","10":"taxable","11":"shipping-taxable","12":"purchasable","13":"product-type-simple"},"jetpack_sharing_enabled":true,"_links":{"self":[{"href":"https:\/\/www.masflores.com.mx\/monterrey\/index.php\/wp-json\/wp\/v2\/product\/164","targetHints":{"allow":["GET"]}}],"collection":[{"href":"https:\/\/www.masflores.com.mx\/monterrey\/index.php\/wp-json\/wp\/v2\/product"}],"about":[{"href":"https:\/\/www.masflores.com.mx\/monterrey\/index.php\/wp-json\/wp\/v2\/types\/product"}],"wp:featuredmedia":[{"embeddable":true,"href":"https:\/\/www.masflores.com.mx\/monterrey\/index.php\/wp-json\/wp\/v2\/media\/165"}],"wp:attachment":[{"href":"https:\/\/www.masflores.com.mx\/monterrey\/index.php\/wp-json\/wp\/v2\/media?parent=164"}],"wp:term":[{"taxonomy":"product_brand","embeddable":true,"href":"https:\/\/www.masflores.com.mx\/monterrey\/index.php\/wp-json\/wp\/v2\/product_brand?post=164"},{"taxonomy":"product_cat","embeddable":true,"href":"https:\/\/www.masflores.com.mx\/monterrey\/index.php\/wp-json\/wp\/v2\/product_cat?post=164"},{"taxonomy":"product_tag","embeddable":true,"href":"https:\/\/www.masflores.com.mx\/monterrey\/index.php\/wp-json\/wp\/v2\/product_tag?post=164"}],"curies":[{"name":"wp","href":"https:\/\/api.w.org\/{rel}","templated":true}]}}