{"id":1518,"date":"2023-04-20T02:59:14","date_gmt":"2023-04-20T08:59:14","guid":{"rendered":"https:\/\/www.masflores.com.mx\/monterrey\/?post_type=product&#038;p=1518"},"modified":"2026-02-18T09:31:07","modified_gmt":"2026-02-18T15:31:07","slug":"rosas-sincero-amor","status":"publish","type":"product","link":"https:\/\/www.masflores.com.mx\/monterrey\/index.php\/producto\/rosas-sincero-amor\/","title":{"rendered":"Rosas Sincero Amor"},"content":{"rendered":"<p>10 alcatraces y 24 <strong>rosas<\/strong> rojas de invernadero. Amor y pureza; elegante! No olvides agregar un mensaje al terminar tu pago. Si te gustar\u00eda a\u00f1adir un globo o chocolates visita la secci\u00f3n de extras.<\/p>\n<p><strong>Tips<\/strong><br \/>\nPara poder disfrutar tus <strong>flores<\/strong> el mayor tiempo posible te sugerimos 1cada tercer d\u00eda retires petalos y hojas da\u00f1adas, as\u00ed como realizar un corte de 1cm de cada tallo reemplazando el agua al mismo tiempo.<\/p>\n","protected":false},"excerpt":{"rendered":"<p>10 alcatraces y 24 <strong>rosas<\/strong> rojas de invernadero.<\/p>\n","protected":false},"featured_media":1541,"template":"","meta":[],"product_brand":[],"product_cat":[43],"product_tag":[],"class_list":{"0":"post-1518","1":"product","2":"type-product","3":"status-publish","4":"has-post-thumbnail","6":"product_cat-san-valentin","8":"first","9":"instock","10":"taxable","11":"shipping-taxable","12":"purchasable","13":"product-type-simple"},"jetpack_sharing_enabled":true,"_links":{"self":[{"href":"https:\/\/www.masflores.com.mx\/monterrey\/index.php\/wp-json\/wp\/v2\/product\/1518","targetHints":{"allow":["GET"]}}],"collection":[{"href":"https:\/\/www.masflores.com.mx\/monterrey\/index.php\/wp-json\/wp\/v2\/product"}],"about":[{"href":"https:\/\/www.masflores.com.mx\/monterrey\/index.php\/wp-json\/wp\/v2\/types\/product"}],"wp:featuredmedia":[{"embeddable":true,"href":"https:\/\/www.masflores.com.mx\/monterrey\/index.php\/wp-json\/wp\/v2\/media\/1541"}],"wp:attachment":[{"href":"https:\/\/www.masflores.com.mx\/monterrey\/index.php\/wp-json\/wp\/v2\/media?parent=1518"}],"wp:term":[{"taxonomy":"product_brand","embeddable":true,"href":"https:\/\/www.masflores.com.mx\/monterrey\/index.php\/wp-json\/wp\/v2\/product_brand?post=1518"},{"taxonomy":"product_cat","embeddable":true,"href":"https:\/\/www.masflores.com.mx\/monterrey\/index.php\/wp-json\/wp\/v2\/product_cat?post=1518"},{"taxonomy":"product_tag","embeddable":true,"href":"https:\/\/www.masflores.com.mx\/monterrey\/index.php\/wp-json\/wp\/v2\/product_tag?post=1518"}],"curies":[{"name":"wp","href":"https:\/\/api.w.org\/{rel}","templated":true}]}}