{"id":1510,"date":"2023-04-20T02:28:45","date_gmt":"2023-04-20T08:28:45","guid":{"rendered":"https:\/\/www.masflores.com.mx\/monterrey\/?post_type=product&#038;p=1510"},"modified":"2026-03-26T12:13:44","modified_gmt":"2026-03-26T18:13:44","slug":"50-rosas-rojas-y-25-rosas-blancas","status":"publish","type":"product","link":"https:\/\/www.masflores.com.mx\/monterrey\/index.php\/producto\/50-rosas-rojas-y-25-rosas-blancas\/","title":{"rendered":"50 Rosas Rojas y 25 Rosas Blancas"},"content":{"rendered":"<p>Arreglo floral de 75 rosas en grupos de 50 rosas rojas y 25 rosas blancas enmarcadas con hortencia; hermoso mo\u00f1o de organza.<\/p>\n<p><strong>Disponibilidad l\u00edmitada, si su pedido es para San Valent\u00edn solic\u00edtelo antes de 10 de febrero.<\/strong><\/p>\n<p>Si te gustar\u00eda agregar un globo o chocolates visita la seccion de extras.<\/p>\n","protected":false},"excerpt":{"rendered":"<p>Arreglo floral de 75 rosas en grupos de 50 rosas rojas y 25 rosas blancas<\/p>\n","protected":false},"featured_media":1511,"template":"","meta":[],"product_brand":[],"product_cat":[36,34],"product_tag":[],"class_list":{"0":"post-1510","1":"product","2":"type-product","3":"status-publish","4":"has-post-thumbnail","6":"product_cat-alegres-festivos","7":"product_cat-arreglos-rosas","9":"first","10":"instock","11":"taxable","12":"shipping-taxable","13":"purchasable","14":"product-type-simple"},"jetpack_sharing_enabled":true,"_links":{"self":[{"href":"https:\/\/www.masflores.com.mx\/monterrey\/index.php\/wp-json\/wp\/v2\/product\/1510","targetHints":{"allow":["GET"]}}],"collection":[{"href":"https:\/\/www.masflores.com.mx\/monterrey\/index.php\/wp-json\/wp\/v2\/product"}],"about":[{"href":"https:\/\/www.masflores.com.mx\/monterrey\/index.php\/wp-json\/wp\/v2\/types\/product"}],"wp:featuredmedia":[{"embeddable":true,"href":"https:\/\/www.masflores.com.mx\/monterrey\/index.php\/wp-json\/wp\/v2\/media\/1511"}],"wp:attachment":[{"href":"https:\/\/www.masflores.com.mx\/monterrey\/index.php\/wp-json\/wp\/v2\/media?parent=1510"}],"wp:term":[{"taxonomy":"product_brand","embeddable":true,"href":"https:\/\/www.masflores.com.mx\/monterrey\/index.php\/wp-json\/wp\/v2\/product_brand?post=1510"},{"taxonomy":"product_cat","embeddable":true,"href":"https:\/\/www.masflores.com.mx\/monterrey\/index.php\/wp-json\/wp\/v2\/product_cat?post=1510"},{"taxonomy":"product_tag","embeddable":true,"href":"https:\/\/www.masflores.com.mx\/monterrey\/index.php\/wp-json\/wp\/v2\/product_tag?post=1510"}],"curies":[{"name":"wp","href":"https:\/\/api.w.org\/{rel}","templated":true}]}}