{"id":1459,"date":"2023-04-19T21:48:22","date_gmt":"2023-04-20T03:48:22","guid":{"rendered":"https:\/\/www.masflores.com.mx\/monterrey\/?post_type=product&#038;p=1459"},"modified":"2026-05-13T13:27:03","modified_gmt":"2026-05-13T19:27:03","slug":"alcatraces-y-rosas","status":"publish","type":"product","link":"https:\/\/www.masflores.com.mx\/monterrey\/index.php\/producto\/alcatraces-y-rosas\/","title":{"rendered":"Alcatraces y Rosas Rojas"},"content":{"rendered":"<p>Elegante arreglo con 10 alcatraces y 12 rosas.<\/p>\n<p>Ensamble ideal para ambientaci\u00f3n, su altura m\u00e1xima puede ser de 1m. Se elabora en 60cm aprox. Recomendamos un d\u00eda de anticipaci\u00f3n para colocar su pedido y revisar detalles del arreglo en caso de requerirlo para evento. Alcatraz<\/p>\n<p>No olvides agregar un mensaje al terminar tu pago.<br \/>\nSi te gustar\u00eda a\u00f1adir un globo o chocolates visita la secci\u00f3n de extras.<\/p>\n<p>Un arreglo indicado para gustos cl\u00e1sicos.<\/p>\n","protected":false},"excerpt":{"rendered":"<p>Elegante arreglo con 10 alcatraces y 12 rosas.<\/p>\n","protected":false},"featured_media":1460,"template":"","meta":[],"product_brand":[],"product_cat":[36,34],"product_tag":[],"class_list":{"0":"post-1459","1":"product","2":"type-product","3":"status-publish","4":"has-post-thumbnail","6":"product_cat-alegres-festivos","7":"product_cat-arreglos-rosas","9":"first","10":"instock","11":"taxable","12":"shipping-taxable","13":"purchasable","14":"product-type-simple"},"jetpack_sharing_enabled":true,"_links":{"self":[{"href":"https:\/\/www.masflores.com.mx\/monterrey\/index.php\/wp-json\/wp\/v2\/product\/1459","targetHints":{"allow":["GET"]}}],"collection":[{"href":"https:\/\/www.masflores.com.mx\/monterrey\/index.php\/wp-json\/wp\/v2\/product"}],"about":[{"href":"https:\/\/www.masflores.com.mx\/monterrey\/index.php\/wp-json\/wp\/v2\/types\/product"}],"wp:featuredmedia":[{"embeddable":true,"href":"https:\/\/www.masflores.com.mx\/monterrey\/index.php\/wp-json\/wp\/v2\/media\/1460"}],"wp:attachment":[{"href":"https:\/\/www.masflores.com.mx\/monterrey\/index.php\/wp-json\/wp\/v2\/media?parent=1459"}],"wp:term":[{"taxonomy":"product_brand","embeddable":true,"href":"https:\/\/www.masflores.com.mx\/monterrey\/index.php\/wp-json\/wp\/v2\/product_brand?post=1459"},{"taxonomy":"product_cat","embeddable":true,"href":"https:\/\/www.masflores.com.mx\/monterrey\/index.php\/wp-json\/wp\/v2\/product_cat?post=1459"},{"taxonomy":"product_tag","embeddable":true,"href":"https:\/\/www.masflores.com.mx\/monterrey\/index.php\/wp-json\/wp\/v2\/product_tag?post=1459"}],"curies":[{"name":"wp","href":"https:\/\/api.w.org\/{rel}","templated":true}]}}