{"id":1453,"date":"2023-04-19T21:29:01","date_gmt":"2023-04-20T03:29:01","guid":{"rendered":"https:\/\/www.masflores.com.mx\/monterrey\/?post_type=product&#038;p=1453"},"modified":"2026-03-25T14:53:33","modified_gmt":"2026-03-25T20:53:33","slug":"10-girasoles-en-vidrio","status":"publish","type":"product","link":"https:\/\/www.masflores.com.mx\/monterrey\/index.php\/producto\/10-girasoles-en-vidrio\/","title":{"rendered":"10 Girasoles en vidrio"},"content":{"rendered":"<p>Alegre arreglo de <strong>girasoles<\/strong> en base de vidrio con follaje. Moderno! No olvides agregar un mensaje al terminar tu pago. Si te gustar\u00eda a\u00f1adir un globo o chocolates visita la secci\u00f3n de extras.<\/p>\n<p><strong>Tips<\/strong><br \/>\nPara poder disfrutar tus <strong>flores<\/strong> el mayor tiempo posible te sugerimos que cada tercer d\u00eda retires petalos y hojas da\u00f1adas, as\u00ed como realizar un corte de 1cm de cada tallo reemplazando el agua al mismo tiempo.<\/p>\n","protected":false},"excerpt":{"rendered":"<p>Alegre arreglo de <strong>girasoles<\/strong> en base de vidrio con follaje. Moderno!<\/p>\n","protected":false},"featured_media":1476,"template":"","meta":[],"product_brand":[],"product_cat":[36],"product_tag":[],"class_list":{"0":"post-1453","1":"product","2":"type-product","3":"status-publish","4":"has-post-thumbnail","6":"product_cat-alegres-festivos","8":"first","9":"instock","10":"taxable","11":"shipping-taxable","12":"purchasable","13":"product-type-simple"},"jetpack_sharing_enabled":true,"_links":{"self":[{"href":"https:\/\/www.masflores.com.mx\/monterrey\/index.php\/wp-json\/wp\/v2\/product\/1453","targetHints":{"allow":["GET"]}}],"collection":[{"href":"https:\/\/www.masflores.com.mx\/monterrey\/index.php\/wp-json\/wp\/v2\/product"}],"about":[{"href":"https:\/\/www.masflores.com.mx\/monterrey\/index.php\/wp-json\/wp\/v2\/types\/product"}],"wp:featuredmedia":[{"embeddable":true,"href":"https:\/\/www.masflores.com.mx\/monterrey\/index.php\/wp-json\/wp\/v2\/media\/1476"}],"wp:attachment":[{"href":"https:\/\/www.masflores.com.mx\/monterrey\/index.php\/wp-json\/wp\/v2\/media?parent=1453"}],"wp:term":[{"taxonomy":"product_brand","embeddable":true,"href":"https:\/\/www.masflores.com.mx\/monterrey\/index.php\/wp-json\/wp\/v2\/product_brand?post=1453"},{"taxonomy":"product_cat","embeddable":true,"href":"https:\/\/www.masflores.com.mx\/monterrey\/index.php\/wp-json\/wp\/v2\/product_cat?post=1453"},{"taxonomy":"product_tag","embeddable":true,"href":"https:\/\/www.masflores.com.mx\/monterrey\/index.php\/wp-json\/wp\/v2\/product_tag?post=1453"}],"curies":[{"name":"wp","href":"https:\/\/api.w.org\/{rel}","templated":true}]}}