{"id":13,"date":"2022-10-29T19:53:54","date_gmt":"2022-10-30T00:53:54","guid":{"rendered":"https:\/\/masflores.com.mx\/monterrey\/index.php\/product\/hoodie-with-logo\/"},"modified":"2025-06-18T15:09:38","modified_gmt":"2025-06-18T21:09:38","slug":"tripie-a01","status":"publish","type":"product","link":"https:\/\/www.masflores.com.mx\/monterrey\/index.php\/producto\/tripie-a01\/","title":{"rendered":"A01 &#8211; Tripie 100 Rosas y Lilies"},"content":{"rendered":"<p>Arreglo floral para sepelio en tripi\u00e9 de madera con 100 rosas blancas, lilies blancas y follajes. El di\u00e1metro aproximado del ensamble floral es de 80cm. El arreglo se envia basado en el dise\u00f1o y colores de la imagen. Entrega en Monterrey y \u00e1rea metropolitana.<\/p>\n<p>El adorno floral puede ensamblarse si lo requiere en BLANCO, AMARILLO, ROSA o ROJO.<\/p>\n<p><strong>IMPORTANTE<\/strong>:<\/p>\n<ul>\n<li>Al realizar su pedido considere que el nombre de a quien se dirige su arreglo es el de la persona fallecida ya que este es el registrado en el acceso a funeraria o capilla de velaci\u00f3n.<\/li>\n<li>De ser posibile le pedimos informaci\u00f3n de duraci\u00f3n del servicio f\u00fanebre: horario de inicio y\/o de finalizaci\u00f3n. Estos datos puede colocarlos en el espacio de Informaci\u00f3n adiciolnal duracte su proceso de compra junto con el texto para su banda y\/o tarjeta.<\/li>\n<li><strong>Nuestro tiempo de entrega es de un M\u00cdNIMO de 3 horas a partir de colocado su pedido, cons\u00faltenos.<\/strong><\/li>\n<li><strong>Debe solicitarse antes de las 6pm para env\u00edos de mismo d\u00eda.<\/strong><\/li>\n<li><strong>Si su pedido es colocado para el d\u00eda siguiente se programa para entrega a partir de las 10am.<\/strong><\/li>\n<\/ul>\n<p>Entre otras entregamos en:<br \/>\nCapillas Gayosso Marianas, Capillas Benito M. Flores, Capillas Valle de la Paz en sus diferentes sucursales,<br \/>\nCapillas Protecto dentro del \u00c1rea Metropolitana, Capillas Del Carmen, Funerales Dolores,<br \/>\nFunerales Gonz\u00e1lez, Funerales Raymundo S\u00e1nchez, Capillas FNSI, Capillas ERFIN, Funerales Hern\u00e1ndez,<br \/>\nFunerales Mart\u00ednez, Capillas ISSSTE, FIBESO, Jardines de Juan Pablo, Capillas Guadalupe Premier, Funerales Del Pueblo, Serorrey Funerales,<br \/>\nCapillas La Pur\u00edsima, Funerarias Jard\u00edn de los Pinos, Latinoamericana Recinto Funeral.<\/p>\n","protected":false},"excerpt":{"rendered":"<p>Arreglo floral para sepelio en tripi\u00e9 de madera con 100 rosas blancas, lilies blancas y follajes. Entrega en Monterrey y \u00e1rea metropolitana.<\/p>\n","protected":false},"featured_media":1734,"template":"","meta":[],"product_brand":[],"product_cat":[44],"product_tag":[21],"class_list":{"0":"post-13","1":"product","2":"type-product","3":"status-publish","4":"has-post-thumbnail","6":"product_cat-tripies-funeral","7":"product_tag-coronas-funebres","9":"first","10":"instock","11":"taxable","12":"shipping-taxable","13":"purchasable","14":"product-type-simple"},"jetpack_sharing_enabled":true,"_links":{"self":[{"href":"https:\/\/www.masflores.com.mx\/monterrey\/index.php\/wp-json\/wp\/v2\/product\/13","targetHints":{"allow":["GET"]}}],"collection":[{"href":"https:\/\/www.masflores.com.mx\/monterrey\/index.php\/wp-json\/wp\/v2\/product"}],"about":[{"href":"https:\/\/www.masflores.com.mx\/monterrey\/index.php\/wp-json\/wp\/v2\/types\/product"}],"wp:featuredmedia":[{"embeddable":true,"href":"https:\/\/www.masflores.com.mx\/monterrey\/index.php\/wp-json\/wp\/v2\/media\/1734"}],"wp:attachment":[{"href":"https:\/\/www.masflores.com.mx\/monterrey\/index.php\/wp-json\/wp\/v2\/media?parent=13"}],"wp:term":[{"taxonomy":"product_brand","embeddable":true,"href":"https:\/\/www.masflores.com.mx\/monterrey\/index.php\/wp-json\/wp\/v2\/product_brand?post=13"},{"taxonomy":"product_cat","embeddable":true,"href":"https:\/\/www.masflores.com.mx\/monterrey\/index.php\/wp-json\/wp\/v2\/product_cat?post=13"},{"taxonomy":"product_tag","embeddable":true,"href":"https:\/\/www.masflores.com.mx\/monterrey\/index.php\/wp-json\/wp\/v2\/product_tag?post=13"}],"curies":[{"name":"wp","href":"https:\/\/api.w.org\/{rel}","templated":true}]}}